{"id":18741,"date":"2020-06-25T11:40:05","date_gmt":"2020-06-25T09:40:05","guid":{"rendered":"https:\/\/suittoeyewear.com\/politica-de-cookies\/"},"modified":"2025-05-25T20:39:01","modified_gmt":"2025-05-25T18:39:01","slug":"politica-de-cookies","status":"publish","type":"page","link":"https:\/\/suittoeyewear.com\/ca\/politica-de-cookies\/","title":{"rendered":"Pol\u00edtica de Cookies"},"content":{"rendered":"\t\t<div data-elementor-type=\"wp-page\" data-elementor-id=\"18741\" class=\"elementor elementor-18741 elementor-4286\" data-elementor-post-type=\"page\">\n\t\t\t\t<div class=\"elementor-element elementor-element-123fa31e e-flex e-con-boxed e-con e-parent\" data-id=\"123fa31e\" data-element_type=\"container\" data-e-type=\"container\">\n\t\t\t\t\t<div class=\"e-con-inner\">\n\t\t\t\t<div class=\"elementor-element elementor-element-28862783 elementor-widget elementor-widget-text-editor\" data-id=\"28862783\" data-element_type=\"widget\" data-e-type=\"widget\" data-widget_type=\"text-editor.default\">\n\t\t\t\t<div class=\"elementor-widget-container\">\n\t\t\t\t\t\t\t\t\t\n<p>En aquesta web s&#8217;utilitzen galetes de tercers i pr\u00f2pies per aconseguir que tinguis una millor experi\u00e8ncia de navegaci\u00f3, puguis compartir contingut a xarxes socials i perqu\u00e8 puguem obtenir estad\u00edstiques dels usuaris.<br \/><br \/>Pots evitar la desc\u00e0rrega de cookies a trav\u00e9s de la configuraci\u00f3 del teu navegador, evitant que les cookies s&#8217;emmagatzemin al dispositiu.<br \/><br \/>Com a propietari d&#8217;aquest lloc web, us comunic que no utilitzem cap informaci\u00f3 personal procedent de cookies, nom\u00e9s realitzem estad\u00edstiques generals de visites que no suposen cap informaci\u00f3 personal.<br \/><br \/>\u00c9s molt important que llegeixis aquesta pol\u00edtica de cookies i comprenguis que, si continues navegant, considerarem que n&#8217;acceptes l&#8217;\u00fas.<br \/><br \/>Segons els termes inclosos a l&#8217;article 22.2 de la Llei 34\/2002 de Serveis de la Societat de la Informaci\u00f3 i Comer\u00e7 Electr\u00f2nic, si continues navegant, estar\u00e0s prestant el teu consentiment per a l&#8217;\u00fas dels mecanismes esmentats.<\/p>\n\n<h3>Entitat Responsable<\/h3>\n\n<p>L&#8217;entitat responsable de la recollida, el processament i la utilitzaci\u00f3 de les teves dades personals, en el sentit establert per la Llei de Protecci\u00f3 de Dades Personals \u00e9s la p\u00e0gina https:\/\/new.suittoeyewear.com, propietat de Gamma Extra SL \u2013 Carrer de l&#8217;Institut Frenop\u00e0tic, 5 08028 Barcelona Espanya.<\/p>\n\n<h3>Qu\u00e8 s\u00f3n les galetes?<\/h3>\n\n<p>Les galetes s\u00f3n un conjunt de dades que un servidor diposita al navegador de l&#8217;usuari per recollir la informaci\u00f3 de registre est\u00e0ndard d&#8217;Internet i la informaci\u00f3 del comportament dels visitants en un lloc web. \u00c9s a dir, es tracta de petits fitxers de text que queden emmagatzemats al disc dur de l&#8217;ordinador i que serveixen per identificar l&#8217;usuari quan es connecta novament al lloc web. L&#8217;objectiu \u00e9s registrar la visita de l&#8217;usuari i desar certa informaci\u00f3. El seu \u00fas \u00e9s com\u00fa i freq\u00fcent a la web ja que permet a les p\u00e0gines funcionar de manera m\u00e9s eficient i aconseguir m\u00e9s personalitzaci\u00f3 i an\u00e0lisi sobre el comportament de l&#8217;usuari.<\/p>\n\n<h3>Quins tipus de galetes hi ha?<\/h3>\n\n<p>Les cookies utilitzades al nostre lloc web, s\u00f3n de sessi\u00f3 i de tercers, i ens permeten emmagatzemar i accedir a informaci\u00f3 relativa a l&#8217;idioma, el tipus de navegador utilitzat, i altres caracter\u00edstiques generals predefinides per l&#8217;usuari, aix\u00ed com seguir i analitzar l&#8217;activitat que duu a terme, per introduir millores i prestar els nostres serveis d&#8217;una manera m\u00e9s eficient i personalitzada.<\/p>\n\n<p>Les galetes, en funci\u00f3 de la seva perman\u00e8ncia, es poden dividir en galetes de sessi\u00f3 o permanents. Les que expiren quan l&#8217;usuari tanca el navegador. Les que expiren en funci\u00f3 de quan es compleixi l&#8217;objectiu per al que serveixen (per exemple, perqu\u00e8 l&#8217;usuari es mantingui identificat als serveis de Gamma Extra SL) o b\u00e9 quan s&#8217;esborren manualment.<\/p>\n\n<figure class=\"wp-block-table\">\n<table>\n<tbody>\n<tr>\n<td>Nom<\/td>\n<td>Tipus<\/td>\n<td>Caducitat<\/td>\n<td>Finalitat<\/td>\n<td>Classe<\/td>\n<\/tr>\n<tr>\n<td>__utma<\/td>\n<td>De Tercers (Google Analytics)<\/td>\n<td>2 anys<\/td>\n<td>Es fa servir per distingir usuaris i sessions.<\/td>\n<td>No Exempta<\/td>\n<\/tr>\n<tr>\n<td>__utmb<\/td>\n<td>De Tercers (Google Analytics)<\/td>\n<td>30 minuts<\/td>\n<td>S&#8217;usa per determinar noves sessions o visites<\/td>\n<td>No Exempta<\/td>\n<\/tr>\n<tr>\n<td>__utmc<\/td>\n<td>De Tercers (Google Analytics)<\/td>\n<td>En finalitzar la sessi\u00f3<\/td>\n<td>Es configura per al seu \u00fas amb Urchin<\/td>\n<td>No Exempta<\/td>\n<\/tr>\n<tr>\n<td>__utmz<\/td>\n<td>De Tercers (Google Analytics)<\/td>\n<td>6 mesos<\/td>\n<td>Emmagatzema l&#8217;origen o campanya que explica com l&#8217;usuari ha arribat fins a la p\u00e0gina web<\/td>\n<td>No Exempta<\/td>\n<\/tr>\n<\/tbody>\n<\/table>\n<\/figure>\n\n<p>Addicionalment, en funci\u00f3 del seu objectiu, les cookies poden classificar-se de la manera seg\u00fcent:<\/p>\n\n<h3>Cookies de rendiment<\/h3>\n\n<p>Aquest tipus de Cookie recorda les seves prefer\u00e8ncies per a les eines que es troben als serveis, per la qual cosa no ha de tornar a configurar el servei cada vegada que visiteu. A tall d&#8217;exemple, en aquesta tipologia s&#8217;inclouen: Configuraci\u00f3 de volum de reproductors de v\u00eddeo o so. Les velocitats de transmissi\u00f3 de v\u00eddeo que siguin compatibles amb el vostre navegador. Els objectes guardats al \u201ccarret de la compra\u201d als serveis d&#8217;e-commerce com ara botigues.<\/p>\n\n<h3>Galetes de geo-localitzaci\u00f3<\/h3>\n\n<p>Aquestes cookies s\u00f3n utilitzades per esbrinar a quin pa\u00eds es troba quan se sol\u00b7licita un servei. Aquesta galeta \u00e9s totalment an\u00f2nima, i nom\u00e9s s&#8217;utilitza per ajudar a orientar el contingut a la vostra ubicaci\u00f3.<\/p>\n\n<h3>Cookies de registre<\/h3>\n\n<p>Les galetes de registre es generen una vegada que l&#8217;usuari s&#8217;ha registrat o posteriorment ha obert la sessi\u00f3, i s&#8217;utilitzen per identificar-lo als serveis amb els objectius seg\u00fcents:<\/p>\n\n<p>Mantenir l&#8217;usuari identificat de manera que, si tanqueu un servei, el navegador o l&#8217;ordinador i en un altre moment o un altre dia torneu a entrar en aquest servei, seguireu identificat, facilitant aix\u00ed la vostra navegaci\u00f3 sense haver de tornar a identificar-vos. Aquesta funcionalitat es pot suprimir si l&#8217;usuari prem la funcionalitat[cerrar sesi\u00f3n] , de manera que aquesta galeta s&#8217;elimina i la propera vegada que entri al servei l&#8217;usuari haur\u00e0 d&#8217;iniciar sessi\u00f3 per estar identificat.<\/p>\n\n<p>Comproveu si l&#8217;usuari est\u00e0 autoritzat per accedir a certs serveis, per exemple, per participar en un concurs.<\/p>\n\n<p>Addicionalment, alguns serveis poden utilitzar connectors amb xarxes socials com Facebook o Twitter. Quan l&#8217;usuari es registra en un servei amb credencials d&#8217;una xarxa social, autoritza la xarxa social a desar una galeta persistent que recorda la seva identitat i li garanteix acc\u00e9s als serveis fins que expira. L&#8217;usuari pot esborrar aquesta galeta i revocar l&#8217;acc\u00e9s als serveis mitjan\u00e7ant xarxes socials actualitzant les seves prefer\u00e8ncies a la xarxa social que especifica.<\/p>\n\n<h3>Galetes d&#8217;anal\u00edtiques<\/h3>\n\n<p>Cada vegada que un usuari visita un servei, una eina d&#8217;un prove\u00efdor extern genera una galeta anal\u00edtica a l&#8217;ordinador de l&#8217;usuari. Aquesta galeta que nom\u00e9s es genera a la visita, servir\u00e0 en properes visites als serveis de Gamma Extra SL per identificar de forma an\u00f2nima el visitant. Els objectius principals que es persegueixen s\u00f3n:<\/p>\n\n<p>Permetre la identificaci\u00f3 an\u00f2nima dels usuaris navegants a trav\u00e9s de la galeta (identifica navegadors i dispositius, no persones) i, per tant, la comptabilitzaci\u00f3 aproximada del nombre de visitants i la seva tend\u00e8ncia en el temps.<br \/>Identificar de forma an\u00f2nima els continguts m\u00e9s visitats i per tant m\u00e9s atractius per als usuaris. Saber si l&#8217;usuari que hi est\u00e0 accedint \u00e9s nou o repeteix visita.<\/p>\n\n<p>Important: Llevat que l&#8217;usuari decideixi registrar-se en un servei de Gamma Extra SL, la galeta mai no anir\u00e0 associada a cap dada de car\u00e0cter personal que pugui identificar-lo. Aquestes galetes nom\u00e9s seran utilitzades amb prop\u00f2sits estad\u00edstics que ajudin a l&#8217;optimitzaci\u00f3 de l&#8217;experi\u00e8ncia dels usuaris al lloc.<\/p>\n\n<h3>Cookies de publicitat<\/h3>\n\n<p>Aquest tipus de cookies permeten ampliar la informaci\u00f3 dels anuncis mostrats a cada usuari an\u00f2nim als serveis de Gamma Extra SL. Entre altres, s&#8217;emmagatzema la durada o la freq\u00fc\u00e8ncia de visualitzaci\u00f3 de posicions publicit\u00e0ries, la interacci\u00f3 amb aquestes, o els patrons de navegaci\u00f3 i\/o comportaments de l&#8217;usuari ja que ajuden a conformar un perfil d&#8217;inter\u00e8s publicitari. D&#8217;aquesta manera permeten oferir publicitat af\u00ed als interessos de l&#8217;usuari.<\/p>\n\n<h3>Galetes publicit\u00e0ries de tercers<\/h3>\n\n<p>A m\u00e9s de la publicitat gestionada pels webs de Gamma Extra SL als seus serveis, els webs de Gamma Extra SL ofereixen als seus anunciants l&#8217;opci\u00f3 de servir anuncis a trav\u00e9s de tercers (\u201cAd-Servers\u201d). D&#8217;aquesta manera, aquests tercers poden emmagatzemar cookies enviades des dels serveis de Gamma Extra SL procedents dels navegadors dels usuaris, aix\u00ed com accedir a les dades que s&#8217;hi guarden.<\/p>\n\n<p>Les empreses que generen aquestes cookies tenen les seves pr\u00f2pies pol\u00edtiques de privadesa. Actualment, les webs de Gamma Extra SL utilitzen la plataforma Doubleclick (Google) per gestionar aquests serveis. Per a m\u00e9s informaci\u00f3, aneu a<\/p>\n\n<p><a href=\"http:\/\/www.google.es\/policies\/privacy\/ads\/#toc-doubleclick\" target=\"_blank\" rel=\"noopener\">http:\/\/www.google.es\/policies\/privacy\/ads\/#toc-doubleclick<\/a> ia <a href=\"http:\/\/www.google.es\/policies\/privacy\/ads\/\" target=\"_blank\" rel=\"noopener\">http:\/\/www.google.es\/policies\/privacy\/ads\/<\/a> .<\/p>\n\n<h3>Com puc desactivar les galetes al meu navegador?<\/h3>\n\n<p>Es poden configurar els diferents navegadors per avisar l&#8217;usuari de la recepci\u00f3 de cookies i, si es vol, impedir-ne la instal\u00b7laci\u00f3 a l&#8217;equip. Aix\u00ed mateix, l&#8217;usuari pot revisar al seu navegador quines galetes t\u00e9 instal\u00b7lades i quin \u00e9s el termini de caducitat de les mateixes, podent eliminar-les.<\/p>\n\n<p>Per ampliar aquesta informaci\u00f3 consulteu les instruccions i manuals del vostre navegador:<\/p>\n\n<p>Per a m\u00e9s informaci\u00f3 sobre l&#8217;administraci\u00f3 de les galetes a Google Chrome: <a href=\"https:\/\/support.google.com\/chrome\/answer\/95647?hl=es\" target=\"_blank\" rel=\"noopener\">https:\/\/support.google.com\/chrome\/answer\/95647?hl=ca<\/a><\/p>\n\n<p>Per a m\u00e9s informaci\u00f3 sobre l&#8217;administraci\u00f3 de les galetes a Internet Explorer: <a href=\"http:\/\/windows.microsoft.com\/es-es\/windows-vista\/cookies-frequently-asked-questions\" target=\"_blank\" rel=\"noopener\">http:\/\/windows.microsoft.com\/es-es\/windows-vista\/cookies-frequently-asked-questions<\/a><\/p>\n\n<p>Per a m\u00e9s informaci\u00f3 sobre l&#8217;administraci\u00f3 de les cookies a Mozilla Firefox: <a href=\"http:\/\/support.mozilla.org\/es\/kb\/habilitar-y-deshabilitar-cookies-que-los-sitios-we%20\" target=\"_blank\" rel=\"noopener\">http:\/\/support.mozilla.org\/es\/kb\/habilitar-y-deshabilitar-cookies-que-los-sitios-we<\/a><\/p>\n\n<p>Per a m\u00e9s informaci\u00f3 sobre l&#8217;administraci\u00f3 de les galetes a Safari: <a href=\"http:\/\/www.apple.com\/es\/privacy\/use-of-cookies\/%20\" target=\"_blank\" rel=\"noopener\">http:\/\/www.apple.com\/es\/privacy\/use-of-cookies\/<\/a><\/p>\n\n<p>Per a m\u00e9s informaci\u00f3 sobre l&#8217;administraci\u00f3 de les cookies a Opera: <a href=\"http:\/\/help.opera.com\/Windows\/11.50\/es-ES\/cookies.html\" target=\"_blank\" rel=\"noopener\">http:\/\/help.opera.com\/Windows\/11.50\/ca-ES\/cookies.html<\/a><\/p>\n\n<p>Si voleu deixar de ser seguit per Google Analytics visiteu: <a href=\"http:\/\/tools.google.com\/dlpage\/gaoptout\" target=\"_blank\" rel=\"noopener\">http:\/\/tools.google.com\/dlpage\/gaoptout<\/a><\/p>\n\n<h3>Per saber m\u00e9s sobre les cookies<\/h3>\n\n<p>Podeu obtenir m\u00e9s informaci\u00f3 sobre la publicitat en l\u00ednia basada en el comportament i la privadesa en l\u00ednia al seg\u00fcent enlla\u00e7: <a href=\"http:\/\/www.youronlinechoices.com\/es\/\" target=\"_blank\" rel=\"noopener\">http:\/\/www.youronlinechoices.com\/es\/<\/a><\/p>\n\n<p>Protecci\u00f3 de dades de Google Analytics: <a href=\"http:\/\/www.google.com\/analytics\/learn\/privacy.html\" target=\"_blank\" rel=\"noopener\">http:\/\/www.google.com\/analytics\/learn\/privacy.html<\/a><\/p>\n\n<p>Com utilitza Google Analytics les cookies: <a href=\"https:\/\/developers.google.com\/analytics\/devguides\/collection\/analyticsjs\/cookie-usage?hl=es#analyticsjs\" target=\"_blank\" rel=\"noopener\">https:\/\/developers.google.com\/analytics\/devguides\/collection\/analyticsjs\/cookie-usage?hl=ca#analyticsjs<\/a><\/p>\n\n<h3>Actualitzacions i canvis en la pol\u00edtica de privadesa\/cookies<\/h3>\n\n<p>Els webs de Gamma Extra SL poden modificar aquesta Pol\u00edtica de Cookies en funci\u00f3 d&#8217;exig\u00e8ncies legislatives, reglament\u00e0ries, o amb la finalitat d&#8217;adaptar aquesta pol\u00edtica a les instruccions dictades per l&#8217;Ag\u00e8ncia Espanyola de Protecci\u00f3 de Dades, per aix\u00f2 s&#8217;aconsella als usuaris que la visitin peri\u00f2dicament.<\/p>\n\n<p>Quan es produeixin canvis significatius en aquesta Pol\u00edtica de Cookies, aquests es comunicaran als usuaris b\u00e9 mitjan\u00e7ant el web o mitjan\u00e7ant correu electr\u00f2nic als usuaris registrats.<\/p>\n\t\t\t\t\t\t\t\t<\/div>\n\t\t\t\t<\/div>\n\t\t\t\t\t<\/div>\n\t\t\t\t<\/div>\n\t\t\t\t<\/div>\n\t\t","protected":false},"excerpt":{"rendered":"<p>En aquesta web s&#8217;utilitzen galetes de tercers i pr\u00f2pies per aconseguir que tinguis una millor experi\u00e8ncia de navegaci\u00f3, puguis compartir contingut a xarxes socials i perqu\u00e8 puguem obtenir estad\u00edstiques dels usuaris. Pots evitar la desc\u00e0rrega de cookies a trav\u00e9s de la configuraci\u00f3 del teu navegador, evitant que les cookies s&#8217;emmagatzemin al dispositiu. Com a propietari [&hellip;]<\/p>\n","protected":false},"author":6,"featured_media":0,"parent":0,"menu_order":0,"comment_status":"closed","ping_status":"closed","template":"","meta":{"_acf_changed":false,"footnotes":""},"class_list":["post-18741","page","type-page","status-publish","hentry"],"acf":[],"_links":{"self":[{"href":"https:\/\/suittoeyewear.com\/ca\/wp-json\/wp\/v2\/pages\/18741","targetHints":{"allow":["GET"]}}],"collection":[{"href":"https:\/\/suittoeyewear.com\/ca\/wp-json\/wp\/v2\/pages"}],"about":[{"href":"https:\/\/suittoeyewear.com\/ca\/wp-json\/wp\/v2\/types\/page"}],"author":[{"embeddable":true,"href":"https:\/\/suittoeyewear.com\/ca\/wp-json\/wp\/v2\/users\/6"}],"replies":[{"embeddable":true,"href":"https:\/\/suittoeyewear.com\/ca\/wp-json\/wp\/v2\/comments?post=18741"}],"version-history":[{"count":0,"href":"https:\/\/suittoeyewear.com\/ca\/wp-json\/wp\/v2\/pages\/18741\/revisions"}],"wp:attachment":[{"href":"https:\/\/suittoeyewear.com\/ca\/wp-json\/wp\/v2\/media?parent=18741"}],"curies":[{"name":"wp","href":"https:\/\/api.w.org\/{rel}","templated":true}]}}