{"id":28226,"date":"2025-05-11T00:59:00","date_gmt":"2025-05-10T22:59:00","guid":{"rendered":"https:\/\/suittoeyewear.com\/modelo\/cav\/"},"modified":"2025-05-24T12:40:41","modified_gmt":"2025-05-24T10:40:41","slug":"cav","status":"publish","type":"product","link":"https:\/\/suittoeyewear.com\/ca\/model\/cav\/","title":{"rendered":"CAV"},"content":{"rendered":"<p>Margaret Cavendish, (Colcheste 1623 \u2013 Welbeck Abbey 1673) va ser una dona arist\u00f2crata del segle XVII, duquessa de Newcastle, va prendre part en alguns dels debats cient\u00edfics m\u00e9s importants del moment. Tot i no estar admesa a la Royal Society anglesa, una vegada se li va permetre assistir a una reuni\u00f3. Va escriure nombrosos treballs sobre mat\u00e8ries cient\u00edfiques i \u00e9s autora d&#8217;una de les primeres novel\u00b7les de ci\u00e8ncia ficci\u00f3. Va ser especialment cr\u00edtica amb la creen\u00e7a que els humans eren els amos de la natura.   <\/p>\n","protected":false},"excerpt":{"rendered":"<p>Margaret Cavendish, (Colcheste 1623 \u2013 Welbeck Abbey 1673) va ser una dona arist\u00f2crata del segle XVII, duquessa de Newcastle, va prendre part en alguns dels debats cient\u00edfics m\u00e9s importants del moment. Tot i no estar admesa a la Royal Society anglesa, una vegada se li va permetre assistir a una reuni\u00f3. Va escriure nombrosos treballs [&hellip;]<\/p>\n","protected":false},"featured_media":23186,"template":"","meta":{"_acf_changed":false},"product_brand":[],"product_cat":[339,338],"product_tag":[341],"class_list":{"0":"post-28226","1":"product","2":"type-product","3":"status-publish","4":"has-post-thumbnail","6":"product_cat-tested-on-faces-ca","7":"product_cat-tested-on-faces-dona","8":"product_tag-vista-ca-2","9":"pa_tonalidad-de-color-01-ca","10":"pa_tonalidad-de-color-100-ca","11":"pa_tonalidad-de-color-23-ca","12":"pa_tonalidad-de-color-45r-ca","14":"first","15":"instock","16":"purchasable","17":"product-type-variable"},"acf":[],"_links":{"self":[{"href":"https:\/\/suittoeyewear.com\/ca\/wp-json\/wp\/v2\/product\/28226","targetHints":{"allow":["GET"]}}],"collection":[{"href":"https:\/\/suittoeyewear.com\/ca\/wp-json\/wp\/v2\/product"}],"about":[{"href":"https:\/\/suittoeyewear.com\/ca\/wp-json\/wp\/v2\/types\/product"}],"wp:featuredmedia":[{"embeddable":true,"href":"https:\/\/suittoeyewear.com\/ca\/wp-json\/wp\/v2\/media\/23186"}],"wp:attachment":[{"href":"https:\/\/suittoeyewear.com\/ca\/wp-json\/wp\/v2\/media?parent=28226"}],"wp:term":[{"taxonomy":"product_brand","embeddable":true,"href":"https:\/\/suittoeyewear.com\/ca\/wp-json\/wp\/v2\/product_brand?post=28226"},{"taxonomy":"product_cat","embeddable":true,"href":"https:\/\/suittoeyewear.com\/ca\/wp-json\/wp\/v2\/product_cat?post=28226"},{"taxonomy":"product_tag","embeddable":true,"href":"https:\/\/suittoeyewear.com\/ca\/wp-json\/wp\/v2\/product_tag?post=28226"}],"curies":[{"name":"wp","href":"https:\/\/api.w.org\/{rel}","templated":true}]}}