{"id":28242,"date":"2025-05-11T01:22:55","date_gmt":"2025-05-10T23:22:55","guid":{"rendered":"https:\/\/suittoeyewear.com\/modelo\/sib\/"},"modified":"2025-05-25T09:44:15","modified_gmt":"2025-05-25T07:44:15","slug":"sib","status":"publish","type":"product","link":"https:\/\/suittoeyewear.com\/ca\/model\/sib\/","title":{"rendered":"SIB"},"content":{"rendered":"<p>Maria Sibylla Merian (Frankfurt 1647 \u2013 Amsterdam 1717) va ser una naturalista, exploradora i pintora alemanya, de pares su\u00efssos. En aquella \u00e8poca, per una sorprenent regulaci\u00f3, les dones tenien prohibit a moltes ciutats alemanyes adquirir pintures a l&#8217;oli, per la qual cosa va aprendre a pintar utilitzant \u00fanicament aquarel\u00b7la i tempera. \u00c9s considerada actualment com una de les m\u00e9s importants iniciadores de l&#8217;entomologia moderna. Va ser la primera persona que, seguint un m\u00e8tode cient\u00edfic, va constatar emp\u00edricament que els insectes neixen d&#8217;ous i no sorgeixen com a resultat de la generaci\u00f3 espont\u00e0nia.   <\/p>\n","protected":false},"excerpt":{"rendered":"<p>Maria Sibylla Merian (Frankfurt 1647 \u2013 Amsterdam 1717) va ser una naturalista, exploradora i pintora alemanya, de pares su\u00efssos. En aquella \u00e8poca, per una sorprenent regulaci\u00f3, les dones tenien prohibit a moltes ciutats alemanyes adquirir pintures a l&#8217;oli, per la qual cosa va aprendre a pintar utilitzant \u00fanicament aquarel\u00b7la i tempera. \u00c9s considerada actualment com [&hellip;]<\/p>\n","protected":false},"featured_media":23958,"template":"","meta":{"_acf_changed":false},"product_brand":[],"product_cat":[339,338],"product_tag":[341],"class_list":{"0":"post-28242","1":"product","2":"type-product","3":"status-publish","4":"has-post-thumbnail","6":"product_cat-tested-on-faces-ca","7":"product_cat-tested-on-faces-dona","8":"product_tag-vista-ca-2","9":"pa_tonalidad-de-color-89-ca","10":"pa_tonalidad-de-color-98-ca","11":"pa_tonalidad-de-color-36-ca","12":"pa_tonalidad-de-color-43-ca","14":"first","15":"instock","16":"purchasable","17":"product-type-variable"},"acf":[],"_links":{"self":[{"href":"https:\/\/suittoeyewear.com\/ca\/wp-json\/wp\/v2\/product\/28242","targetHints":{"allow":["GET"]}}],"collection":[{"href":"https:\/\/suittoeyewear.com\/ca\/wp-json\/wp\/v2\/product"}],"about":[{"href":"https:\/\/suittoeyewear.com\/ca\/wp-json\/wp\/v2\/types\/product"}],"wp:featuredmedia":[{"embeddable":true,"href":"https:\/\/suittoeyewear.com\/ca\/wp-json\/wp\/v2\/media\/23958"}],"wp:attachment":[{"href":"https:\/\/suittoeyewear.com\/ca\/wp-json\/wp\/v2\/media?parent=28242"}],"wp:term":[{"taxonomy":"product_brand","embeddable":true,"href":"https:\/\/suittoeyewear.com\/ca\/wp-json\/wp\/v2\/product_brand?post=28242"},{"taxonomy":"product_cat","embeddable":true,"href":"https:\/\/suittoeyewear.com\/ca\/wp-json\/wp\/v2\/product_cat?post=28242"},{"taxonomy":"product_tag","embeddable":true,"href":"https:\/\/suittoeyewear.com\/ca\/wp-json\/wp\/v2\/product_tag?post=28242"}],"curies":[{"name":"wp","href":"https:\/\/api.w.org\/{rel}","templated":true}]}}