{"id":28251,"date":"2025-05-11T01:20:19","date_gmt":"2025-05-10T23:20:19","guid":{"rendered":"https:\/\/suittoeyewear.com\/modelo\/ros\/"},"modified":"2025-05-25T09:44:34","modified_gmt":"2025-05-25T07:44:34","slug":"ros","status":"publish","type":"product","link":"https:\/\/suittoeyewear.com\/ca\/model\/ros\/","title":{"rendered":"ROS"},"content":{"rendered":"<p>Rosalind Elsie Franklin (Londres 1920 \u2013 1958) va ser qu\u00edmica i cristal\u00b7l\u00f2grafa, el seu pare estava en contra que reb\u00e9s educaci\u00f3 superior per\u00f2 finalment va cedir i va arribar a doctorar-se en qu\u00edmica i f\u00edsica, per la Universitat de Cambridge el 1945. Autora d&#8217;importants contribucions a la comprensi\u00f3 de l&#8217;estructura de l&#8217;ADN virus, del carb\u00f3 i del grafit. Quatre anys despr\u00e9s de la seva mort James Watson, Francis Crick i Maurice Wilkins rebessin el Premi Nobel per aquest model de doble h\u00e8lix de l&#8217;ADN.  <\/p>\n","protected":false},"excerpt":{"rendered":"<p>Rosalind Elsie Franklin (Londres 1920 \u2013 1958) va ser qu\u00edmica i cristal\u00b7l\u00f2grafa, el seu pare estava en contra que reb\u00e9s educaci\u00f3 superior per\u00f2 finalment va cedir i va arribar a doctorar-se en qu\u00edmica i f\u00edsica, per la Universitat de Cambridge el 1945. Autora d&#8217;importants contribucions a la comprensi\u00f3 de l&#8217;estructura de l&#8217;ADN virus, del carb\u00f3 [&hellip;]<\/p>\n","protected":false},"featured_media":23834,"template":"","meta":{"_acf_changed":false},"product_brand":[],"product_cat":[339,338],"product_tag":[341],"class_list":{"0":"post-28251","1":"product","2":"type-product","3":"status-publish","4":"has-post-thumbnail","6":"product_cat-tested-on-faces-ca","7":"product_cat-tested-on-faces-dona","8":"product_tag-vista-ca-2","9":"pa_tonalidad-de-color-37-ca","10":"pa_tonalidad-de-color-82-ca","11":"pa_tonalidad-de-color-12r-ca","12":"pa_tonalidad-de-color-36-ca","14":"first","15":"instock","16":"purchasable","17":"product-type-variable"},"acf":[],"_links":{"self":[{"href":"https:\/\/suittoeyewear.com\/ca\/wp-json\/wp\/v2\/product\/28251","targetHints":{"allow":["GET"]}}],"collection":[{"href":"https:\/\/suittoeyewear.com\/ca\/wp-json\/wp\/v2\/product"}],"about":[{"href":"https:\/\/suittoeyewear.com\/ca\/wp-json\/wp\/v2\/types\/product"}],"wp:featuredmedia":[{"embeddable":true,"href":"https:\/\/suittoeyewear.com\/ca\/wp-json\/wp\/v2\/media\/23834"}],"wp:attachment":[{"href":"https:\/\/suittoeyewear.com\/ca\/wp-json\/wp\/v2\/media?parent=28251"}],"wp:term":[{"taxonomy":"product_brand","embeddable":true,"href":"https:\/\/suittoeyewear.com\/ca\/wp-json\/wp\/v2\/product_brand?post=28251"},{"taxonomy":"product_cat","embeddable":true,"href":"https:\/\/suittoeyewear.com\/ca\/wp-json\/wp\/v2\/product_cat?post=28251"},{"taxonomy":"product_tag","embeddable":true,"href":"https:\/\/suittoeyewear.com\/ca\/wp-json\/wp\/v2\/product_tag?post=28251"}],"curies":[{"name":"wp","href":"https:\/\/api.w.org\/{rel}","templated":true}]}}