{"id":28273,"date":"2025-05-11T01:23:25","date_gmt":"2025-05-10T23:23:25","guid":{"rendered":"https:\/\/suittoeyewear.com\/modelo\/sil\/"},"modified":"2025-05-25T09:44:07","modified_gmt":"2025-05-25T07:44:07","slug":"sil","status":"publish","type":"product","link":"https:\/\/suittoeyewear.com\/ca\/model\/sil\/","title":{"rendered":"SIL"},"content":{"rendered":"<p>Ram\u00f3n Silvestre Verea Aguiar i Garc\u00eda (Curantes 1833 \u2013 Buenos Aires 1899) periodista, enginyer, escriptor i inventor. Va inventar la primera calculadora capa\u00e7 de multiplicar de manera directa. Va guanyar una medalla a l&#8217;Exposici\u00f3 Mundial d&#8217;Invents de Cuba de 1878. A Nova York, va fundar la publicaci\u00f3 El Cronista i la revista El Progreso. Defensava la igualtat entre races, entre homes i dones, l&#8217;abolici\u00f3 de l&#8217;esclavatge i la llibertat d&#8217;expressi\u00f3. El 1895 s&#8217;exilia a Guatemala, per la seva oposici\u00f3 a la pol\u00edtica colonialista nord-americana, despr\u00e9s es trasllada a Buenos Aires on va continuar exercint de periodista fins a la seva mort.     <\/p>\n","protected":false},"excerpt":{"rendered":"<p>Ram\u00f3n Silvestre Verea Aguiar i Garc\u00eda (Curantes 1833 \u2013 Buenos Aires 1899) periodista, enginyer, escriptor i inventor. Va inventar la primera calculadora capa\u00e7 de multiplicar de manera directa. Va guanyar una medalla a l&#8217;Exposici\u00f3 Mundial d&#8217;Invents de Cuba de 1878. A Nova York, va fundar la publicaci\u00f3 El Cronista i la revista El Progreso. Defensava [&hellip;]<\/p>\n","protected":false},"featured_media":23982,"template":"","meta":{"_acf_changed":false},"product_brand":[],"product_cat":[339,336],"product_tag":[341],"class_list":{"0":"post-28273","1":"product","2":"type-product","3":"status-publish","4":"has-post-thumbnail","6":"product_cat-tested-on-faces-ca","7":"product_cat-tested-on-faces-home","8":"product_tag-vista-ca-2","9":"pa_tonalidad-de-color-40-ca","10":"pa_tonalidad-de-color-33-ca","11":"pa_tonalidad-de-color-59r-ca","12":"pa_tonalidad-de-color-67-ca","14":"first","15":"instock","16":"purchasable","17":"product-type-variable"},"acf":[],"_links":{"self":[{"href":"https:\/\/suittoeyewear.com\/ca\/wp-json\/wp\/v2\/product\/28273","targetHints":{"allow":["GET"]}}],"collection":[{"href":"https:\/\/suittoeyewear.com\/ca\/wp-json\/wp\/v2\/product"}],"about":[{"href":"https:\/\/suittoeyewear.com\/ca\/wp-json\/wp\/v2\/types\/product"}],"wp:featuredmedia":[{"embeddable":true,"href":"https:\/\/suittoeyewear.com\/ca\/wp-json\/wp\/v2\/media\/23982"}],"wp:attachment":[{"href":"https:\/\/suittoeyewear.com\/ca\/wp-json\/wp\/v2\/media?parent=28273"}],"wp:term":[{"taxonomy":"product_brand","embeddable":true,"href":"https:\/\/suittoeyewear.com\/ca\/wp-json\/wp\/v2\/product_brand?post=28273"},{"taxonomy":"product_cat","embeddable":true,"href":"https:\/\/suittoeyewear.com\/ca\/wp-json\/wp\/v2\/product_cat?post=28273"},{"taxonomy":"product_tag","embeddable":true,"href":"https:\/\/suittoeyewear.com\/ca\/wp-json\/wp\/v2\/product_tag?post=28273"}],"curies":[{"name":"wp","href":"https:\/\/api.w.org\/{rel}","templated":true}]}}