{"id":28309,"date":"2025-05-11T01:21:54","date_gmt":"2025-05-10T23:21:54","guid":{"rendered":"https:\/\/suittoeyewear.com\/modelo\/sem\/"},"modified":"2025-05-25T09:44:21","modified_gmt":"2025-05-25T07:44:21","slug":"sem","status":"publish","type":"product","link":"https:\/\/suittoeyewear.com\/ca\/model\/sem\/","title":{"rendered":"SEM"},"content":{"rendered":"<p>Ignaz Philipp Semmelweis (Budapest 1818 &#8211; Viena 1865) metge cirurgi\u00e0 i obstetra a l&#8217;Imperi austr\u00edac. Conegut popularment com el salvador de mare, perqu\u00e8 va descobrir que la incid\u00e8ncia de la s\u00e8psia puerperal podria ser disminu\u00efda dr\u00e0sticament usant desinfecci\u00f3 de les mans a les cl\u00edniques obst\u00e8triques. \u00c9s considerat com el creador dels procediments antis\u00e8ptics. Les seves recomanacions van ser acceptades despr\u00e9s de la seva mort, quan Louis Pasteur va confirmar la teoria dels g\u00e8rmens com a causants de les infeccions i Joseph Lister, seguint les investigacions de Pasteur, va implementar l&#8217;\u00fas dels m\u00e8todes d&#8217;as\u00e8psia i antis\u00e8psia en cirurgia.   <\/p>\n","protected":false},"excerpt":{"rendered":"<p>Ignaz Philipp Semmelweis (Budapest 1818 &#8211; Viena 1865) metge cirurgi\u00e0 i obstetra a l&#8217;Imperi austr\u00edac. Conegut popularment com el salvador de mare, perqu\u00e8 va descobrir que la incid\u00e8ncia de la s\u00e8psia puerperal podria ser disminu\u00efda dr\u00e0sticament usant desinfecci\u00f3 de les mans a les cl\u00edniques obst\u00e8triques. \u00c9s considerat com el creador dels procediments antis\u00e8ptics. Les seves [&hellip;]<\/p>\n","protected":false},"featured_media":23890,"template":"","meta":{"_acf_changed":false},"product_brand":[],"product_cat":[339,336],"product_tag":[340,341],"class_list":{"0":"post-28309","1":"product","2":"type-product","3":"status-publish","4":"has-post-thumbnail","6":"product_cat-tested-on-faces-ca","7":"product_cat-tested-on-faces-home","8":"product_tag-novetat","9":"product_tag-vista-ca-2","10":"pa_tonalidad-de-color-40-ca","11":"pa_tonalidad-de-color-14-ca","12":"pa_tonalidad-de-color-39-ca","13":"pa_tonalidad-de-color-44-ca","15":"first","16":"instock","17":"purchasable","18":"product-type-variable"},"acf":[],"_links":{"self":[{"href":"https:\/\/suittoeyewear.com\/ca\/wp-json\/wp\/v2\/product\/28309","targetHints":{"allow":["GET"]}}],"collection":[{"href":"https:\/\/suittoeyewear.com\/ca\/wp-json\/wp\/v2\/product"}],"about":[{"href":"https:\/\/suittoeyewear.com\/ca\/wp-json\/wp\/v2\/types\/product"}],"wp:featuredmedia":[{"embeddable":true,"href":"https:\/\/suittoeyewear.com\/ca\/wp-json\/wp\/v2\/media\/23890"}],"wp:attachment":[{"href":"https:\/\/suittoeyewear.com\/ca\/wp-json\/wp\/v2\/media?parent=28309"}],"wp:term":[{"taxonomy":"product_brand","embeddable":true,"href":"https:\/\/suittoeyewear.com\/ca\/wp-json\/wp\/v2\/product_brand?post=28309"},{"taxonomy":"product_cat","embeddable":true,"href":"https:\/\/suittoeyewear.com\/ca\/wp-json\/wp\/v2\/product_cat?post=28309"},{"taxonomy":"product_tag","embeddable":true,"href":"https:\/\/suittoeyewear.com\/ca\/wp-json\/wp\/v2\/product_tag?post=28309"}],"curies":[{"name":"wp","href":"https:\/\/api.w.org\/{rel}","templated":true}]}}