{"id":28318,"date":"2025-05-11T01:16:49","date_gmt":"2025-05-10T23:16:49","guid":{"rendered":"https:\/\/suittoeyewear.com\/modelo\/mor\/"},"modified":"2025-05-25T09:45:35","modified_gmt":"2025-05-25T07:45:35","slug":"mor","status":"publish","type":"product","link":"https:\/\/suittoeyewear.com\/ca\/model\/mor\/","title":{"rendered":"MOR"},"content":{"rendered":"<p>Garrett Augustus Morgan (Paris, Kentucky 1877 \u2013 Cleveland 1963) inventor nord-americ\u00e0 autodidacte i l\u00edder social contra el racisme. El 1916 va utilitzar el seu disseny millorat de la m\u00e0scara de gas per salvar les v\u00edctimes que van quedar atrapades per una explosi\u00f3 al t\u00fanel del llac Erie i entre ells va salvar el seu germ\u00e0 Frank. Aquest acte d&#8217;heroisme va ser ignorat pels diaris i autoritats. Va rebre nombroses sol\u00b7licituds de la seva m\u00e0scara per a bombers de tot el pa\u00eds per\u00f2 en decobrir per les fotografies del rescat que era afroameric\u00e0, diverses enc\u00e0rrecs del sud del pa\u00eds van ser cancel\u00b7lats. Despr\u00e9s d&#8217;assistir a un important accident de tr\u00e0nsit va inventar el sem\u00e0for i ho va patentar. Va treballar en organitzacions socials i va fundar el Diari Cleveland Call &amp; Post.     <\/p>\n","protected":false},"excerpt":{"rendered":"<p>Garrett Augustus Morgan (Paris, Kentucky 1877 \u2013 Cleveland 1963) inventor nord-americ\u00e0 autodidacte i l\u00edder social contra el racisme. El 1916 va utilitzar el seu disseny millorat de la m\u00e0scara de gas per salvar les v\u00edctimes que van quedar atrapades per una explosi\u00f3 al t\u00fanel del llac Erie i entre ells va salvar el seu germ\u00e0 [&hellip;]<\/p>\n","protected":false},"featured_media":23698,"template":"","meta":{"_acf_changed":false},"product_brand":[],"product_cat":[339,336],"product_tag":[341],"class_list":{"0":"post-28318","1":"product","2":"type-product","3":"status-publish","4":"has-post-thumbnail","6":"product_cat-tested-on-faces-ca","7":"product_cat-tested-on-faces-home","8":"product_tag-vista-ca-2","9":"pa_tonalidad-de-color-01-ca","10":"pa_tonalidad-de-color-14-ca","12":"first","13":"instock","14":"purchasable","15":"product-type-variable"},"acf":[],"_links":{"self":[{"href":"https:\/\/suittoeyewear.com\/ca\/wp-json\/wp\/v2\/product\/28318","targetHints":{"allow":["GET"]}}],"collection":[{"href":"https:\/\/suittoeyewear.com\/ca\/wp-json\/wp\/v2\/product"}],"about":[{"href":"https:\/\/suittoeyewear.com\/ca\/wp-json\/wp\/v2\/types\/product"}],"wp:featuredmedia":[{"embeddable":true,"href":"https:\/\/suittoeyewear.com\/ca\/wp-json\/wp\/v2\/media\/23698"}],"wp:attachment":[{"href":"https:\/\/suittoeyewear.com\/ca\/wp-json\/wp\/v2\/media?parent=28318"}],"wp:term":[{"taxonomy":"product_brand","embeddable":true,"href":"https:\/\/suittoeyewear.com\/ca\/wp-json\/wp\/v2\/product_brand?post=28318"},{"taxonomy":"product_cat","embeddable":true,"href":"https:\/\/suittoeyewear.com\/ca\/wp-json\/wp\/v2\/product_cat?post=28318"},{"taxonomy":"product_tag","embeddable":true,"href":"https:\/\/suittoeyewear.com\/ca\/wp-json\/wp\/v2\/product_tag?post=28318"}],"curies":[{"name":"wp","href":"https:\/\/api.w.org\/{rel}","templated":true}]}}