{"id":28336,"date":"2025-05-11T01:05:09","date_gmt":"2025-05-10T23:05:09","guid":{"rendered":"https:\/\/suittoeyewear.com\/modelo\/flo\/"},"modified":"2025-05-24T11:52:29","modified_gmt":"2025-05-24T09:52:29","slug":"flo","status":"publish","type":"product","link":"https:\/\/suittoeyewear.com\/ca\/model\/flo\/","title":{"rendered":"FLO"},"content":{"rendered":"<p>Florence Nightingale, (Flor\u00e8ncia, 1820 \u2013 Londres, 1910), va ser infermera, escriptora i estad\u00edstica brit\u00e0nica, precursora la infermeria professional, va fundar la primera escola laica d&#8217;infermeria al m\u00f3n. Va ser la primera dona admesa a la Royal Statistical Society brit\u00e0nica i el 1907 es va convertir en la primera dona a rebre l&#8217;Ordre de M\u00e8rit del Regne Unit. <\/p>\n","protected":false},"excerpt":{"rendered":"<p>Florence Nightingale, (Flor\u00e8ncia, 1820 \u2013 Londres, 1910), va ser infermera, escriptora i estad\u00edstica brit\u00e0nica, precursora la infermeria professional, va fundar la primera escola laica d&#8217;infermeria al m\u00f3n. Va ser la primera dona admesa a la Royal Statistical Society brit\u00e0nica i el 1907 es va convertir en la primera dona a rebre l&#8217;Ordre de M\u00e8rit del [&hellip;]<\/p>\n","protected":false},"featured_media":23354,"template":"","meta":{"_acf_changed":false},"product_brand":[],"product_cat":[339,338],"product_tag":[341],"class_list":{"0":"post-28336","1":"product","2":"type-product","3":"status-publish","4":"has-post-thumbnail","6":"product_cat-tested-on-faces-ca","7":"product_cat-tested-on-faces-dona","8":"product_tag-vista-ca-2","9":"pa_tonalidad-de-color-12-ca","10":"pa_tonalidad-de-color-45r-ca","12":"first","13":"instock","14":"purchasable","15":"product-type-variable"},"acf":[],"_links":{"self":[{"href":"https:\/\/suittoeyewear.com\/ca\/wp-json\/wp\/v2\/product\/28336","targetHints":{"allow":["GET"]}}],"collection":[{"href":"https:\/\/suittoeyewear.com\/ca\/wp-json\/wp\/v2\/product"}],"about":[{"href":"https:\/\/suittoeyewear.com\/ca\/wp-json\/wp\/v2\/types\/product"}],"wp:featuredmedia":[{"embeddable":true,"href":"https:\/\/suittoeyewear.com\/ca\/wp-json\/wp\/v2\/media\/23354"}],"wp:attachment":[{"href":"https:\/\/suittoeyewear.com\/ca\/wp-json\/wp\/v2\/media?parent=28336"}],"wp:term":[{"taxonomy":"product_brand","embeddable":true,"href":"https:\/\/suittoeyewear.com\/ca\/wp-json\/wp\/v2\/product_brand?post=28336"},{"taxonomy":"product_cat","embeddable":true,"href":"https:\/\/suittoeyewear.com\/ca\/wp-json\/wp\/v2\/product_cat?post=28336"},{"taxonomy":"product_tag","embeddable":true,"href":"https:\/\/suittoeyewear.com\/ca\/wp-json\/wp\/v2\/product_tag?post=28336"}],"curies":[{"name":"wp","href":"https:\/\/api.w.org\/{rel}","templated":true}]}}