{"id":28348,"date":"2025-05-11T01:12:21","date_gmt":"2025-05-10T23:12:21","guid":{"rendered":"https:\/\/suittoeyewear.com\/modelo\/lau\/"},"modified":"2025-05-24T10:38:48","modified_gmt":"2025-05-24T08:38:48","slug":"lau","status":"publish","type":"product","link":"https:\/\/suittoeyewear.com\/ca\/model\/lau\/","title":{"rendered":"LAU"},"content":{"rendered":"<p>Laura Bassi (Bolonya 1711 \u2013 1778) fil\u00f2sofa, professora i cient\u00edfica italiana. Va ser la primera dona a impartir classes a una universitat europea i la segona a rebre un doctorat. Va tenir poques ocasions d&#8217;exercir la seva activitat docent, es considerava indecor\u00f3s que enseny\u00e9s en una classe plena d&#8217;homes. Nom\u00e9s se li permetria exercir com a professora o fer confer\u00e8ncies en esdeveniments on les dones eren convidades.   <\/p>\n","protected":false},"excerpt":{"rendered":"<p>Laura Bassi (Bolonya 1711 \u2013 1778) fil\u00f2sofa, professora i cient\u00edfica italiana. Va ser la primera dona a impartir classes a una universitat europea i la segona a rebre un doctorat. Va tenir poques ocasions d&#8217;exercir la seva activitat docent, es considerava indecor\u00f3s que enseny\u00e9s en una classe plena d&#8217;homes. Nom\u00e9s se li permetria exercir com [&hellip;]<\/p>\n","protected":false},"featured_media":23602,"template":"","meta":{"_acf_changed":false},"product_brand":[],"product_cat":[339,336],"product_tag":[341],"class_list":{"0":"post-28348","1":"product","2":"type-product","3":"status-publish","4":"has-post-thumbnail","6":"product_cat-tested-on-faces-ca","7":"product_cat-tested-on-faces-home","8":"product_tag-vista-ca-2","9":"pa_tonalidad-de-color-2328-ca","10":"pa_tonalidad-de-color-39-ca","11":"pa_tonalidad-de-color-40-ca","12":"pa_tonalidad-de-color-47-ca","14":"first","15":"instock","16":"purchasable","17":"product-type-variable"},"acf":[],"_links":{"self":[{"href":"https:\/\/suittoeyewear.com\/ca\/wp-json\/wp\/v2\/product\/28348","targetHints":{"allow":["GET"]}}],"collection":[{"href":"https:\/\/suittoeyewear.com\/ca\/wp-json\/wp\/v2\/product"}],"about":[{"href":"https:\/\/suittoeyewear.com\/ca\/wp-json\/wp\/v2\/types\/product"}],"wp:featuredmedia":[{"embeddable":true,"href":"https:\/\/suittoeyewear.com\/ca\/wp-json\/wp\/v2\/media\/23602"}],"wp:attachment":[{"href":"https:\/\/suittoeyewear.com\/ca\/wp-json\/wp\/v2\/media?parent=28348"}],"wp:term":[{"taxonomy":"product_brand","embeddable":true,"href":"https:\/\/suittoeyewear.com\/ca\/wp-json\/wp\/v2\/product_brand?post=28348"},{"taxonomy":"product_cat","embeddable":true,"href":"https:\/\/suittoeyewear.com\/ca\/wp-json\/wp\/v2\/product_cat?post=28348"},{"taxonomy":"product_tag","embeddable":true,"href":"https:\/\/suittoeyewear.com\/ca\/wp-json\/wp\/v2\/product_tag?post=28348"}],"curies":[{"name":"wp","href":"https:\/\/api.w.org\/{rel}","templated":true}]}}