{"id":28364,"date":"2025-05-11T01:11:52","date_gmt":"2025-05-10T23:11:52","guid":{"rendered":"https:\/\/suittoeyewear.com\/modelo\/jud\/"},"modified":"2025-05-24T10:43:12","modified_gmt":"2025-05-24T08:43:12","slug":"jud","status":"publish","type":"product","link":"https:\/\/suittoeyewear.com\/ca\/model\/jud\/","title":{"rendered":"JUD"},"content":{"rendered":"<p>Maria la Mongeta, tamb\u00e9 coneguda com Maria l&#8217;Hebrea o Miriam la Profetisa, va ser la primera dona alquimista. Va viure entre el segle I i el segle III dC a Alexandria. Va inventar complicats aparells destinats a la destil\u00b7laci\u00f3 i la sublimaci\u00f3 de mat\u00e8ries qu\u00edmiques, aix\u00ed com el fam\u00f3s Bany Maria. El Kerotakis \u00e9s el m\u00e9s important dels seus invents, \u00e9s un aparell de reflux usat per escalfar subst\u00e0ncies utilitzades a l&#8217;alqu\u00edmia i recollir els seus vapors.   <\/p>\n","protected":false},"excerpt":{"rendered":"<p>Maria la Mongeta, tamb\u00e9 coneguda com Maria l&#8217;Hebrea o Miriam la Profetisa, va ser la primera dona alquimista. Va viure entre el segle I i el segle III dC a Alexandria. Va inventar complicats aparells destinats a la destil\u00b7laci\u00f3 i la sublimaci\u00f3 de mat\u00e8ries qu\u00edmiques, aix\u00ed com el fam\u00f3s Bany Maria. El Kerotakis \u00e9s el [&hellip;]<\/p>\n","protected":false},"featured_media":23594,"template":"","meta":{"_acf_changed":false},"product_brand":[],"product_cat":[339,338],"product_tag":[341],"class_list":{"0":"post-28364","1":"product","2":"type-product","3":"status-publish","4":"has-post-thumbnail","6":"product_cat-tested-on-faces-ca","7":"product_cat-tested-on-faces-dona","8":"product_tag-vista-ca-2","9":"pa_tonalidad-de-color-37-ca","10":"pa_tonalidad-de-color-45-ca","11":"pa_tonalidad-de-color-93-ca","12":"pa_tonalidad-de-color-67-ca","14":"first","15":"instock","16":"purchasable","17":"product-type-variable"},"acf":[],"_links":{"self":[{"href":"https:\/\/suittoeyewear.com\/ca\/wp-json\/wp\/v2\/product\/28364","targetHints":{"allow":["GET"]}}],"collection":[{"href":"https:\/\/suittoeyewear.com\/ca\/wp-json\/wp\/v2\/product"}],"about":[{"href":"https:\/\/suittoeyewear.com\/ca\/wp-json\/wp\/v2\/types\/product"}],"wp:featuredmedia":[{"embeddable":true,"href":"https:\/\/suittoeyewear.com\/ca\/wp-json\/wp\/v2\/media\/23594"}],"wp:attachment":[{"href":"https:\/\/suittoeyewear.com\/ca\/wp-json\/wp\/v2\/media?parent=28364"}],"wp:term":[{"taxonomy":"product_brand","embeddable":true,"href":"https:\/\/suittoeyewear.com\/ca\/wp-json\/wp\/v2\/product_brand?post=28364"},{"taxonomy":"product_cat","embeddable":true,"href":"https:\/\/suittoeyewear.com\/ca\/wp-json\/wp\/v2\/product_cat?post=28364"},{"taxonomy":"product_tag","embeddable":true,"href":"https:\/\/suittoeyewear.com\/ca\/wp-json\/wp\/v2\/product_tag?post=28364"}],"curies":[{"name":"wp","href":"https:\/\/api.w.org\/{rel}","templated":true}]}}