{"id":28374,"date":"2025-05-11T01:12:48","date_gmt":"2025-05-10T23:12:48","guid":{"rendered":"https:\/\/suittoeyewear.com\/modelo\/lebkuchen\/"},"modified":"2025-05-24T10:35:11","modified_gmt":"2025-05-24T08:35:11","slug":"lebkuchen","status":"publish","type":"product","link":"https:\/\/suittoeyewear.com\/ca\/model\/lebkuchen\/","title":{"rendered":"LEBKUCHEN"},"content":{"rendered":"<p>El Lebkuchen, past\u00eds d \u201chivern dels monestirs alemanys, \u00e9s una barreja de mel, esp\u00e8cies i fruita seca que es reflecteix en una textura rica i c\u00e0lida. Aquest past\u00eds, adornat amb detalls de glasa o xocolata, ressalta la import\u00e0ncia del que \u00e9s ornamental i essencial. El seu disseny evoca el que \u00e9s artesanal i el que \u00e9s c\u00e0lid, com una obra que convida a la tradici\u00f3 i l\u201d eleg\u00e0ncia a cada mos.  <\/p>\n","protected":false},"excerpt":{"rendered":"<p>El Lebkuchen, past\u00eds d \u201chivern dels monestirs alemanys, \u00e9s una barreja de mel, esp\u00e8cies i fruita seca que es reflecteix en una textura rica i c\u00e0lida. Aquest past\u00eds, adornat amb detalls de glasa o xocolata, ressalta la import\u00e0ncia del que \u00e9s ornamental i essencial. El seu disseny evoca el que \u00e9s artesanal i el que [&hellip;]<\/p>\n","protected":false},"featured_media":22266,"template":"","meta":{"_acf_changed":false},"product_brand":[],"product_cat":[388,393],"product_tag":[340,341],"class_list":{"0":"post-28374","1":"product","2":"type-product","3":"status-publish","4":"has-post-thumbnail","6":"product_cat-sybarite-ca","7":"product_cat-sybarite-home","8":"product_tag-novetat","9":"product_tag-vista-ca-2","10":"pa_tonalidad-de-color-01-ca","11":"pa_tonalidad-de-color-72-ca","12":"pa_tonalidad-de-color-74-ca","13":"pa_tonalidad-de-color-75-ca","15":"first","16":"instock","17":"purchasable","18":"product-type-variable"},"acf":[],"_links":{"self":[{"href":"https:\/\/suittoeyewear.com\/ca\/wp-json\/wp\/v2\/product\/28374","targetHints":{"allow":["GET"]}}],"collection":[{"href":"https:\/\/suittoeyewear.com\/ca\/wp-json\/wp\/v2\/product"}],"about":[{"href":"https:\/\/suittoeyewear.com\/ca\/wp-json\/wp\/v2\/types\/product"}],"wp:featuredmedia":[{"embeddable":true,"href":"https:\/\/suittoeyewear.com\/ca\/wp-json\/wp\/v2\/media\/22266"}],"wp:attachment":[{"href":"https:\/\/suittoeyewear.com\/ca\/wp-json\/wp\/v2\/media?parent=28374"}],"wp:term":[{"taxonomy":"product_brand","embeddable":true,"href":"https:\/\/suittoeyewear.com\/ca\/wp-json\/wp\/v2\/product_brand?post=28374"},{"taxonomy":"product_cat","embeddable":true,"href":"https:\/\/suittoeyewear.com\/ca\/wp-json\/wp\/v2\/product_cat?post=28374"},{"taxonomy":"product_tag","embeddable":true,"href":"https:\/\/suittoeyewear.com\/ca\/wp-json\/wp\/v2\/product_tag?post=28374"}],"curies":[{"name":"wp","href":"https:\/\/api.w.org\/{rel}","templated":true}]}}