{"id":28404,"date":"2025-05-11T01:13:17","date_gmt":"2025-05-10T23:13:17","guid":{"rendered":"https:\/\/suittoeyewear.com\/modelo\/lup\/"},"modified":"2025-05-24T10:32:22","modified_gmt":"2025-05-24T08:32:22","slug":"lup","status":"publish","type":"product","link":"https:\/\/suittoeyewear.com\/ca\/model\/lup\/","title":{"rendered":"LUP"},"content":{"rendered":"<p>A la constel\u00b7laci\u00f3 de Lupus, a la primavera de 1006 va apar\u00e8ixer la supernova SN 1006, astr\u00f2noms xinesos i \u00e0rabs van descriure la seva mida equivalent a mitja lluna, va ser l&#8217;esdeveniment estel\u00b7lar m\u00e9s brillant de la hist\u00f2ria registrada i va ser visible durant m\u00e9s d&#8217;un any.<\/p>\n","protected":false},"excerpt":{"rendered":"<p>A la constel\u00b7laci\u00f3 de Lupus, a la primavera de 1006 va apar\u00e8ixer la supernova SN 1006, astr\u00f2noms xinesos i \u00e0rabs van descriure la seva mida equivalent a mitja lluna, va ser l&#8217;esdeveniment estel\u00b7lar m\u00e9s brillant de la hist\u00f2ria registrada i va ser visible durant m\u00e9s d&#8217;un any.<\/p>\n","protected":false},"featured_media":22698,"template":"","meta":{"_acf_changed":false},"product_brand":[],"product_cat":[428,460],"product_tag":[390],"class_list":{"0":"post-28404","1":"product","2":"type-product","3":"status-publish","4":"has-post-thumbnail","6":"product_cat-supernova-ca","7":"product_cat-supernova-home","8":"product_tag-sol-ca-2","9":"pa_tonalidad-de-color-01-ca","10":"pa_tonalidad-de-color-14-ca","11":"pa_tonalidad-de-color-55-ca","12":"pa_tonalidad-de-color-69r-ca","14":"first","15":"instock","16":"purchasable","17":"product-type-variable"},"acf":[],"_links":{"self":[{"href":"https:\/\/suittoeyewear.com\/ca\/wp-json\/wp\/v2\/product\/28404","targetHints":{"allow":["GET"]}}],"collection":[{"href":"https:\/\/suittoeyewear.com\/ca\/wp-json\/wp\/v2\/product"}],"about":[{"href":"https:\/\/suittoeyewear.com\/ca\/wp-json\/wp\/v2\/types\/product"}],"wp:featuredmedia":[{"embeddable":true,"href":"https:\/\/suittoeyewear.com\/ca\/wp-json\/wp\/v2\/media\/22698"}],"wp:attachment":[{"href":"https:\/\/suittoeyewear.com\/ca\/wp-json\/wp\/v2\/media?parent=28404"}],"wp:term":[{"taxonomy":"product_brand","embeddable":true,"href":"https:\/\/suittoeyewear.com\/ca\/wp-json\/wp\/v2\/product_brand?post=28404"},{"taxonomy":"product_cat","embeddable":true,"href":"https:\/\/suittoeyewear.com\/ca\/wp-json\/wp\/v2\/product_cat?post=28404"},{"taxonomy":"product_tag","embeddable":true,"href":"https:\/\/suittoeyewear.com\/ca\/wp-json\/wp\/v2\/product_tag?post=28404"}],"curies":[{"name":"wp","href":"https:\/\/api.w.org\/{rel}","templated":true}]}}