{"id":28437,"date":"2025-05-11T01:19:44","date_gmt":"2025-05-10T23:19:44","guid":{"rendered":"https:\/\/suittoeyewear.com\/modelo\/rac\/"},"modified":"2025-05-25T09:44:43","modified_gmt":"2025-05-25T07:44:43","slug":"rac","status":"publish","type":"product","link":"https:\/\/suittoeyewear.com\/ca\/model\/rac\/","title":{"rendered":"RAC"},"content":{"rendered":"<p>Rachel Carson (Springdale 1907-Silver Spring 1964) Bi\u00f2loga marina i conservacionista. Els seus escrits van ser precursors del moviment ecologista. Va estudiar sobre la contaminaci\u00f3 dels pesticides sint\u00e8tics i va publicar Primavera Silenciosa, despertant la preocupaci\u00f3 pel medi ambient. El Comit\u00e8 Cient\u00edfic del president Kennedy va impulsar un canvi en la pol\u00edtica dels Estats Units sobre pesticides. Algunes inst\u00e0ncies oficials i ind\u00fastries qu\u00edmiques la van acusar de comunista. Va ser premiada a t\u00edtol p\u00f2stum amb la Medalla Presidencial de la Llibertat per Jimmy Carter.     <\/p>\n","protected":false},"excerpt":{"rendered":"<p>Rachel Carson (Springdale 1907-Silver Spring 1964) Bi\u00f2loga marina i conservacionista. Els seus escrits van ser precursors del moviment ecologista. Va estudiar sobre la contaminaci\u00f3 dels pesticides sint\u00e8tics i va publicar Primavera Silenciosa, despertant la preocupaci\u00f3 pel medi ambient. El Comit\u00e8 Cient\u00edfic del president Kennedy va impulsar un canvi en la pol\u00edtica dels Estats Units sobre [&hellip;]<\/p>\n","protected":false},"featured_media":23802,"template":"","meta":{"_acf_changed":false},"product_brand":[],"product_cat":[339,338],"product_tag":[341],"class_list":{"0":"post-28437","1":"product","2":"type-product","3":"status-publish","4":"has-post-thumbnail","6":"product_cat-tested-on-faces-ca","7":"product_cat-tested-on-faces-dona","8":"product_tag-vista-ca-2","9":"pa_tonalidad-de-color-57r-ca","10":"pa_tonalidad-de-color-61r-ca","11":"pa_tonalidad-de-color-82-ca","12":"pa_tonalidad-de-color-99-ca","14":"first","15":"instock","16":"purchasable","17":"product-type-variable"},"acf":[],"_links":{"self":[{"href":"https:\/\/suittoeyewear.com\/ca\/wp-json\/wp\/v2\/product\/28437","targetHints":{"allow":["GET"]}}],"collection":[{"href":"https:\/\/suittoeyewear.com\/ca\/wp-json\/wp\/v2\/product"}],"about":[{"href":"https:\/\/suittoeyewear.com\/ca\/wp-json\/wp\/v2\/types\/product"}],"wp:featuredmedia":[{"embeddable":true,"href":"https:\/\/suittoeyewear.com\/ca\/wp-json\/wp\/v2\/media\/23802"}],"wp:attachment":[{"href":"https:\/\/suittoeyewear.com\/ca\/wp-json\/wp\/v2\/media?parent=28437"}],"wp:term":[{"taxonomy":"product_brand","embeddable":true,"href":"https:\/\/suittoeyewear.com\/ca\/wp-json\/wp\/v2\/product_brand?post=28437"},{"taxonomy":"product_cat","embeddable":true,"href":"https:\/\/suittoeyewear.com\/ca\/wp-json\/wp\/v2\/product_cat?post=28437"},{"taxonomy":"product_tag","embeddable":true,"href":"https:\/\/suittoeyewear.com\/ca\/wp-json\/wp\/v2\/product_tag?post=28437"}],"curies":[{"name":"wp","href":"https:\/\/api.w.org\/{rel}","templated":true}]}}