{"id":28466,"date":"2025-05-11T01:21:25","date_gmt":"2025-05-10T23:21:25","guid":{"rendered":"https:\/\/suittoeyewear.com\/modelo\/sar\/"},"modified":"2025-05-25T09:44:28","modified_gmt":"2025-05-25T07:44:28","slug":"sar","status":"publish","type":"product","link":"https:\/\/suittoeyewear.com\/ca\/model\/sar\/","title":{"rendered":"SAR"},"content":{"rendered":"<p>Sarah Breedlove (Delta,1867 &#8211; Irvington, 1919) Tamb\u00e9 coneguda com a CJ Walker, va ser una qu\u00edmica autodidacta. Els seus pares i germans grans van ser esclaus en una plantaci\u00f3. Va aprendre qu\u00edmica a la seva pr\u00f2pia cuina, va descobrir un sistema per allisar els seus cabells arrissats i va crear reeixida empresa de venda per correu per cat\u00e0leg, creant un imperi de la cosm\u00e8tica. Tamb\u00e9 es va dedicar a formar altres dones per ser empres\u00e0ries, ajudant a saltar les nombroses barreres sexistes i racistes. \u00c9s considerada la primera dona afroamericana milion\u00e0ria &#8220;feta a si mateixa&#8221;.    <\/p>\n","protected":false},"excerpt":{"rendered":"<p>Sarah Breedlove (Delta,1867 &#8211; Irvington, 1919) Tamb\u00e9 coneguda com a CJ Walker, va ser una qu\u00edmica autodidacta. Els seus pares i germans grans van ser esclaus en una plantaci\u00f3. Va aprendre qu\u00edmica a la seva pr\u00f2pia cuina, va descobrir un sistema per allisar els seus cabells arrissats i va crear reeixida empresa de venda per [&hellip;]<\/p>\n","protected":false},"featured_media":23866,"template":"","meta":{"_acf_changed":false},"product_brand":[],"product_cat":[339,338],"product_tag":[341],"class_list":{"0":"post-28466","1":"product","2":"type-product","3":"status-publish","4":"has-post-thumbnail","6":"product_cat-tested-on-faces-ca","7":"product_cat-tested-on-faces-dona","8":"product_tag-vista-ca-2","9":"pa_tonalidad-de-color-62r-ca","10":"pa_tonalidad-de-color-76-ca","11":"pa_tonalidad-de-color-01-ca","12":"pa_tonalidad-de-color-66r-ca","14":"first","15":"instock","16":"purchasable","17":"product-type-variable"},"acf":[],"_links":{"self":[{"href":"https:\/\/suittoeyewear.com\/ca\/wp-json\/wp\/v2\/product\/28466","targetHints":{"allow":["GET"]}}],"collection":[{"href":"https:\/\/suittoeyewear.com\/ca\/wp-json\/wp\/v2\/product"}],"about":[{"href":"https:\/\/suittoeyewear.com\/ca\/wp-json\/wp\/v2\/types\/product"}],"wp:featuredmedia":[{"embeddable":true,"href":"https:\/\/suittoeyewear.com\/ca\/wp-json\/wp\/v2\/media\/23866"}],"wp:attachment":[{"href":"https:\/\/suittoeyewear.com\/ca\/wp-json\/wp\/v2\/media?parent=28466"}],"wp:term":[{"taxonomy":"product_brand","embeddable":true,"href":"https:\/\/suittoeyewear.com\/ca\/wp-json\/wp\/v2\/product_brand?post=28466"},{"taxonomy":"product_cat","embeddable":true,"href":"https:\/\/suittoeyewear.com\/ca\/wp-json\/wp\/v2\/product_cat?post=28466"},{"taxonomy":"product_tag","embeddable":true,"href":"https:\/\/suittoeyewear.com\/ca\/wp-json\/wp\/v2\/product_tag?post=28466"}],"curies":[{"name":"wp","href":"https:\/\/api.w.org\/{rel}","templated":true}]}}