{"id":28487,"date":"2025-05-11T01:14:43","date_gmt":"2025-05-10T23:14:43","guid":{"rendered":"https:\/\/suittoeyewear.com\/modelo\/marquesas\/"},"modified":"2025-05-24T09:54:43","modified_gmt":"2025-05-24T07:54:43","slug":"marquesas","status":"publish","type":"product","link":"https:\/\/suittoeyewear.com\/ca\/model\/marquesas\/","title":{"rendered":"MARQUESES"},"content":{"rendered":"<p>Les Marqueses, origin\u00e0ries de Castella, deuen el seu nom a la noblesa ia la textura lleugera, gaireb\u00e9 et\u00e8ria. La seva delicadesa evoca un disseny que busca el subtil i el transformador. Amb l\u00ednies pures i una pres\u00e8ncia subtil, aquestes petites del\u00edcies reflecteixen la bellesa del que \u00e9s discret, un luxe que es mostra sense necessitat d \u201costentaci\u00f3, com una joia que parla d\u201d eleg\u00e0ncia en la forma m\u00e9s pura.  <\/p>\n","protected":false},"excerpt":{"rendered":"<p>Les Marqueses, origin\u00e0ries de Castella, deuen el seu nom a la noblesa ia la textura lleugera, gaireb\u00e9 et\u00e8ria. La seva delicadesa evoca un disseny que busca el subtil i el transformador. Amb l\u00ednies pures i una pres\u00e8ncia subtil, aquestes petites del\u00edcies reflecteixen la bellesa del que \u00e9s discret, un luxe que es mostra sense necessitat [&hellip;]<\/p>\n","protected":false},"featured_media":22322,"template":"","meta":{"_acf_changed":false},"product_brand":[],"product_cat":[388,389],"product_tag":[340,341],"class_list":{"0":"post-28487","1":"product","2":"type-product","3":"status-publish","4":"has-post-thumbnail","6":"product_cat-sybarite-ca","7":"product_cat-sybarite-dona","8":"product_tag-novetat","9":"product_tag-vista-ca-2","10":"pa_tonalidad-de-color-82-ca","11":"pa_tonalidad-de-color-99-ca","12":"pa_tonalidad-de-color-01-ca","13":"pa_tonalidad-de-color-23-ca","15":"first","16":"instock","17":"purchasable","18":"product-type-variable"},"acf":[],"_links":{"self":[{"href":"https:\/\/suittoeyewear.com\/ca\/wp-json\/wp\/v2\/product\/28487","targetHints":{"allow":["GET"]}}],"collection":[{"href":"https:\/\/suittoeyewear.com\/ca\/wp-json\/wp\/v2\/product"}],"about":[{"href":"https:\/\/suittoeyewear.com\/ca\/wp-json\/wp\/v2\/types\/product"}],"wp:featuredmedia":[{"embeddable":true,"href":"https:\/\/suittoeyewear.com\/ca\/wp-json\/wp\/v2\/media\/22322"}],"wp:attachment":[{"href":"https:\/\/suittoeyewear.com\/ca\/wp-json\/wp\/v2\/media?parent=28487"}],"wp:term":[{"taxonomy":"product_brand","embeddable":true,"href":"https:\/\/suittoeyewear.com\/ca\/wp-json\/wp\/v2\/product_brand?post=28487"},{"taxonomy":"product_cat","embeddable":true,"href":"https:\/\/suittoeyewear.com\/ca\/wp-json\/wp\/v2\/product_cat?post=28487"},{"taxonomy":"product_tag","embeddable":true,"href":"https:\/\/suittoeyewear.com\/ca\/wp-json\/wp\/v2\/product_tag?post=28487"}],"curies":[{"name":"wp","href":"https:\/\/api.w.org\/{rel}","templated":true}]}}