{"id":28496,"date":"2025-05-11T01:15:49","date_gmt":"2025-05-10T23:15:49","guid":{"rendered":"https:\/\/suittoeyewear.com\/modelo\/met\/"},"modified":"2025-05-24T09:47:37","modified_gmt":"2025-05-24T07:47:37","slug":"met","status":"publish","type":"product","link":"https:\/\/suittoeyewear.com\/ca\/model\/met\/","title":{"rendered":"MET"},"content":{"rendered":"<p>La supernova SN 2017 egm va ser descoberta el 23 de maig del 2017 per astr\u00f2noms de la Universitat de Cambridge. Es troba en una gal\u00e0xia espiral a uns 420 milions d&#8217;anys llum, t\u00e9 una concentraci\u00f3 alta d&#8217;elements m\u00e9s pesants que l&#8217;hidrogen i l&#8217;heli. \u00c9s la primera evid\u00e8ncia de l&#8217;aparici\u00f3 d&#8217;una supernova superluminosa en metall per aquest motiu ha estat anomenada Supernova Heavy Metal.  <\/p>\n","protected":false},"excerpt":{"rendered":"<p>La supernova SN 2017 egm va ser descoberta el 23 de maig del 2017 per astr\u00f2noms de la Universitat de Cambridge. Es troba en una gal\u00e0xia espiral a uns 420 milions d&#8217;anys llum, t\u00e9 una concentraci\u00f3 alta d&#8217;elements m\u00e9s pesants que l&#8217;hidrogen i l&#8217;heli. \u00c9s la primera evid\u00e8ncia de l&#8217;aparici\u00f3 d&#8217;una supernova superluminosa en metall [&hellip;]<\/p>\n","protected":false},"featured_media":22762,"template":"","meta":{"_acf_changed":false},"product_brand":[],"product_cat":[428,427],"product_tag":[390],"class_list":{"0":"post-28496","1":"product","2":"type-product","3":"status-publish","4":"has-post-thumbnail","6":"product_cat-supernova-ca","7":"product_cat-supernova-dona","8":"product_tag-sol-ca-2","9":"pa_tonalidad-de-color-01-ca","10":"pa_tonalidad-de-color-23-ca","11":"pa_tonalidad-de-color-37-ca","12":"pa_tonalidad-de-color-53-ca","14":"first","15":"instock","16":"purchasable","17":"product-type-variable"},"acf":[],"_links":{"self":[{"href":"https:\/\/suittoeyewear.com\/ca\/wp-json\/wp\/v2\/product\/28496","targetHints":{"allow":["GET"]}}],"collection":[{"href":"https:\/\/suittoeyewear.com\/ca\/wp-json\/wp\/v2\/product"}],"about":[{"href":"https:\/\/suittoeyewear.com\/ca\/wp-json\/wp\/v2\/types\/product"}],"wp:featuredmedia":[{"embeddable":true,"href":"https:\/\/suittoeyewear.com\/ca\/wp-json\/wp\/v2\/media\/22762"}],"wp:attachment":[{"href":"https:\/\/suittoeyewear.com\/ca\/wp-json\/wp\/v2\/media?parent=28496"}],"wp:term":[{"taxonomy":"product_brand","embeddable":true,"href":"https:\/\/suittoeyewear.com\/ca\/wp-json\/wp\/v2\/product_brand?post=28496"},{"taxonomy":"product_cat","embeddable":true,"href":"https:\/\/suittoeyewear.com\/ca\/wp-json\/wp\/v2\/product_cat?post=28496"},{"taxonomy":"product_tag","embeddable":true,"href":"https:\/\/suittoeyewear.com\/ca\/wp-json\/wp\/v2\/product_tag?post=28496"}],"curies":[{"name":"wp","href":"https:\/\/api.w.org\/{rel}","templated":true}]}}