{"id":28519,"date":"2025-05-11T01:15:17","date_gmt":"2025-05-10T23:15:17","guid":{"rendered":"https:\/\/suittoeyewear.com\/modelo\/mer\/"},"modified":"2025-05-24T09:49:44","modified_gmt":"2025-05-24T07:49:44","slug":"mer","status":"publish","type":"product","link":"https:\/\/suittoeyewear.com\/ca\/model\/mer\/","title":{"rendered":"MER"},"content":{"rendered":"<p>Merit Ptah (Egipte, 2700 aC), \u00e9s la primera dona m\u00e8dica coneguda pel seu nom i possiblement, tamb\u00e9 la primera dona esmentada a tota la hist\u00f2ria de la ci\u00e8ncia. La seva imatge es pot veure en una tomba a la necr\u00f2polis propera a la pir\u00e0mide escalonada de Saqqara. La Uni\u00f3 Astron\u00f2mica Interacional va posar el seu nom a un cr\u00e0ter d&#8217;impacte a Venus.  <\/p>\n","protected":false},"excerpt":{"rendered":"<p>Merit Ptah (Egipte, 2700 aC), \u00e9s la primera dona m\u00e8dica coneguda pel seu nom i possiblement, tamb\u00e9 la primera dona esmentada a tota la hist\u00f2ria de la ci\u00e8ncia. La seva imatge es pot veure en una tomba a la necr\u00f2polis propera a la pir\u00e0mide escalonada de Saqqara. La Uni\u00f3 Astron\u00f2mica Interacional va posar el seu [&hellip;]<\/p>\n","protected":false},"featured_media":23658,"template":"","meta":{"_acf_changed":false},"product_brand":[],"product_cat":[339,338],"product_tag":[341],"class_list":{"0":"post-28519","1":"product","2":"type-product","3":"status-publish","4":"has-post-thumbnail","6":"product_cat-tested-on-faces-ca","7":"product_cat-tested-on-faces-dona","8":"product_tag-vista-ca-2","9":"pa_tonalidad-de-color-12-ca","10":"pa_tonalidad-de-color-45r-ca","11":"pa_tonalidad-de-color-56r-ca","12":"pa_tonalidad-de-color-57r-ca","14":"first","15":"instock","16":"purchasable","17":"product-type-variable"},"acf":[],"_links":{"self":[{"href":"https:\/\/suittoeyewear.com\/ca\/wp-json\/wp\/v2\/product\/28519","targetHints":{"allow":["GET"]}}],"collection":[{"href":"https:\/\/suittoeyewear.com\/ca\/wp-json\/wp\/v2\/product"}],"about":[{"href":"https:\/\/suittoeyewear.com\/ca\/wp-json\/wp\/v2\/types\/product"}],"wp:featuredmedia":[{"embeddable":true,"href":"https:\/\/suittoeyewear.com\/ca\/wp-json\/wp\/v2\/media\/23658"}],"wp:attachment":[{"href":"https:\/\/suittoeyewear.com\/ca\/wp-json\/wp\/v2\/media?parent=28519"}],"wp:term":[{"taxonomy":"product_brand","embeddable":true,"href":"https:\/\/suittoeyewear.com\/ca\/wp-json\/wp\/v2\/product_brand?post=28519"},{"taxonomy":"product_cat","embeddable":true,"href":"https:\/\/suittoeyewear.com\/ca\/wp-json\/wp\/v2\/product_cat?post=28519"},{"taxonomy":"product_tag","embeddable":true,"href":"https:\/\/suittoeyewear.com\/ca\/wp-json\/wp\/v2\/product_tag?post=28519"}],"curies":[{"name":"wp","href":"https:\/\/api.w.org\/{rel}","templated":true}]}}