{"id":28548,"date":"2025-05-11T00:43:35","date_gmt":"2025-05-10T22:43:35","guid":{"rendered":"https:\/\/suittoeyewear.com\/modelo\/ada\/"},"modified":"2025-05-25T09:38:07","modified_gmt":"2025-05-25T07:38:07","slug":"ada","status":"publish","type":"product","link":"https:\/\/suittoeyewear.com\/ca\/model\/ada\/","title":{"rendered":"ADA"},"content":{"rendered":"<p>Augusta Ada King, Comtessa de Lovelace, (Londres, 1815 \u2013 Londres, 1852), va ser escriptora, matem\u00e0tica, f\u00edsica i la primera programadora d&#8217;ordinadors. Va col\u00b7laborar en el disseny de la M\u00e0quina anal\u00edtica de Charles Babbage, capa\u00e7 de resoldre equacions diferencials i va fer el primer algorisme processat per una m\u00e0quina. El llenguatge de programaci\u00f3 Ada, creat pel Departament de Defensa dels Estats Units, va ser nomenat aix\u00ed en el seu homenatge.  <\/p>\n","protected":false},"excerpt":{"rendered":"<p>Augusta Ada King, Comtessa de Lovelace, (Londres, 1815 \u2013 Londres, 1852), va ser escriptora, matem\u00e0tica, f\u00edsica i la primera programadora d&#8217;ordinadors. Va col\u00b7laborar en el disseny de la M\u00e0quina anal\u00edtica de Charles Babbage, capa\u00e7 de resoldre equacions diferencials i va fer el primer algorisme processat per una m\u00e0quina. El llenguatge de programaci\u00f3 Ada, creat pel [&hellip;]<\/p>\n","protected":false},"featured_media":22970,"template":"","meta":{"_acf_changed":false},"product_brand":[],"product_cat":[339,338],"product_tag":[341],"class_list":{"0":"post-28548","1":"product","2":"type-product","3":"status-publish","4":"has-post-thumbnail","6":"product_cat-tested-on-faces-ca","7":"product_cat-tested-on-faces-dona","8":"product_tag-vista-ca-2","9":"pa_tonalidad-de-color-40-ca","10":"pa_tonalidad-de-color-45-ca","11":"pa_tonalidad-de-color-76-ca","12":"pa_tonalidad-de-color-12-ca","14":"first","15":"instock","16":"purchasable","17":"product-type-variable"},"acf":[],"_links":{"self":[{"href":"https:\/\/suittoeyewear.com\/ca\/wp-json\/wp\/v2\/product\/28548","targetHints":{"allow":["GET"]}}],"collection":[{"href":"https:\/\/suittoeyewear.com\/ca\/wp-json\/wp\/v2\/product"}],"about":[{"href":"https:\/\/suittoeyewear.com\/ca\/wp-json\/wp\/v2\/types\/product"}],"wp:featuredmedia":[{"embeddable":true,"href":"https:\/\/suittoeyewear.com\/ca\/wp-json\/wp\/v2\/media\/22970"}],"wp:attachment":[{"href":"https:\/\/suittoeyewear.com\/ca\/wp-json\/wp\/v2\/media?parent=28548"}],"wp:term":[{"taxonomy":"product_brand","embeddable":true,"href":"https:\/\/suittoeyewear.com\/ca\/wp-json\/wp\/v2\/product_brand?post=28548"},{"taxonomy":"product_cat","embeddable":true,"href":"https:\/\/suittoeyewear.com\/ca\/wp-json\/wp\/v2\/product_cat?post=28548"},{"taxonomy":"product_tag","embeddable":true,"href":"https:\/\/suittoeyewear.com\/ca\/wp-json\/wp\/v2\/product_tag?post=28548"}],"curies":[{"name":"wp","href":"https:\/\/api.w.org\/{rel}","templated":true}]}}