{"id":28559,"date":"2025-05-11T00:50:21","date_gmt":"2025-05-10T22:50:21","guid":{"rendered":"https:\/\/suittoeyewear.com\/modelo\/alh\/"},"modified":"2025-05-25T09:32:03","modified_gmt":"2025-05-25T07:32:03","slug":"alh","status":"publish","type":"product","link":"https:\/\/suittoeyewear.com\/ca\/model\/alh\/","title":{"rendered":"ALH"},"content":{"rendered":"<p>Alhac\u00e9n (Basora 965 \u2013 El Caire 1040) va ser un matem\u00e0tic, f\u00edsic i astr\u00f2nom. \u00c9s considerat el creador del m\u00e8tode cient\u00edfic i pare de l \u201c\u00f2ptica. Va estudiar l\u201d anatomia de l \u201cull, la reflexi\u00f3 i la refracci\u00f3 de llum. Va demostrar que la llum procedeix del Sol, viatja en l\u00ednia recta i crea imatges en arribar als nostres ulls. D\u201d aquesta manera va descartar la teoria de l \u201cemissi\u00f3 que van defensar grans pensadors com Plat\u00f3, Ptolemeu i Gal\u00e8, en qu\u00e8 els ulls disparaven part\u00edcules, que il\u00b7luminaven tot el que hi havia a l\u201d entorn i per aix\u00f2 era possible la visi\u00f3. Tamb\u00e9 va inventar la c\u00e0mera estenopeica.     <\/p>\n","protected":false},"excerpt":{"rendered":"<p>Alhac\u00e9n (Basora 965 \u2013 El Caire 1040) va ser un matem\u00e0tic, f\u00edsic i astr\u00f2nom. \u00c9s considerat el creador del m\u00e8tode cient\u00edfic i pare de l \u201c\u00f2ptica. Va estudiar l\u201d anatomia de l \u201cull, la reflexi\u00f3 i la refracci\u00f3 de llum. Va demostrar que la llum procedeix del Sol, viatja en l\u00ednia recta i crea imatges [&hellip;]<\/p>\n","protected":false},"featured_media":23018,"template":"","meta":{"_acf_changed":false},"product_brand":[],"product_cat":[339,336],"product_tag":[340,341],"class_list":{"0":"post-28559","1":"product","2":"type-product","3":"status-publish","4":"has-post-thumbnail","6":"product_cat-tested-on-faces-ca","7":"product_cat-tested-on-faces-home","8":"product_tag-novetat","9":"product_tag-vista-ca-2","10":"pa_tonalidad-de-color-44r-ca","11":"pa_tonalidad-de-color-47r-ca","13":"first","14":"instock","15":"purchasable","16":"product-type-variable"},"acf":[],"_links":{"self":[{"href":"https:\/\/suittoeyewear.com\/ca\/wp-json\/wp\/v2\/product\/28559","targetHints":{"allow":["GET"]}}],"collection":[{"href":"https:\/\/suittoeyewear.com\/ca\/wp-json\/wp\/v2\/product"}],"about":[{"href":"https:\/\/suittoeyewear.com\/ca\/wp-json\/wp\/v2\/types\/product"}],"wp:featuredmedia":[{"embeddable":true,"href":"https:\/\/suittoeyewear.com\/ca\/wp-json\/wp\/v2\/media\/23018"}],"wp:attachment":[{"href":"https:\/\/suittoeyewear.com\/ca\/wp-json\/wp\/v2\/media?parent=28559"}],"wp:term":[{"taxonomy":"product_brand","embeddable":true,"href":"https:\/\/suittoeyewear.com\/ca\/wp-json\/wp\/v2\/product_brand?post=28559"},{"taxonomy":"product_cat","embeddable":true,"href":"https:\/\/suittoeyewear.com\/ca\/wp-json\/wp\/v2\/product_cat?post=28559"},{"taxonomy":"product_tag","embeddable":true,"href":"https:\/\/suittoeyewear.com\/ca\/wp-json\/wp\/v2\/product_tag?post=28559"}],"curies":[{"name":"wp","href":"https:\/\/api.w.org\/{rel}","templated":true}]}}