{"id":28577,"date":"2025-05-11T00:52:55","date_gmt":"2025-05-10T22:52:55","guid":{"rendered":"https:\/\/suittoeyewear.com\/modelo\/arnadi\/"},"modified":"2025-05-25T09:21:32","modified_gmt":"2025-05-25T07:21:32","slug":"arnadi","status":"publish","type":"product","link":"https:\/\/suittoeyewear.com\/ca\/model\/arnadi\/","title":{"rendered":"ARNADI"},"content":{"rendered":"<p>L&#8217;Arnad\u00ed, dol\u00e7 valenci\u00e0 d&#8217;her\u00e8ncia andalus\u00ed, t\u00e9 una base de carbassa, ametlles i pinyons que es presenten en cassoles de fang. La seva forma, org\u00e0nica i escultural, reflecteix una her\u00e8ncia profundament arrelada. Cada mos transmet la calidesa ancestral, evocant el luxe de l&#8217;artesanal i la mem\u00f2ria de tradicions passades que segueixen vives en el disseny.  <\/p>\n","protected":false},"excerpt":{"rendered":"<p>L&#8217;Arnad\u00ed, dol\u00e7 valenci\u00e0 d&#8217;her\u00e8ncia andalus\u00ed, t\u00e9 una base de carbassa, ametlles i pinyons que es presenten en cassoles de fang. La seva forma, org\u00e0nica i escultural, reflecteix una her\u00e8ncia profundament arrelada. Cada mos transmet la calidesa ancestral, evocant el luxe de l&#8217;artesanal i la mem\u00f2ria de tradicions passades que segueixen vives en el disseny.<\/p>\n","protected":false},"featured_media":21714,"template":"","meta":{"_acf_changed":false},"product_brand":[],"product_cat":[388,393],"product_tag":[340,341],"class_list":{"0":"post-28577","1":"product","2":"type-product","3":"status-publish","4":"has-post-thumbnail","6":"product_cat-sybarite-ca","7":"product_cat-sybarite-home","8":"product_tag-novetat","9":"product_tag-vista-ca-2","10":"pa_tonalidad-de-color-72-ca","11":"pa_tonalidad-de-color-78-ca","12":"pa_tonalidad-de-color-01-ca","13":"pa_tonalidad-de-color-23-ca","15":"first","16":"instock","17":"purchasable","18":"product-type-variable"},"acf":[],"_links":{"self":[{"href":"https:\/\/suittoeyewear.com\/ca\/wp-json\/wp\/v2\/product\/28577","targetHints":{"allow":["GET"]}}],"collection":[{"href":"https:\/\/suittoeyewear.com\/ca\/wp-json\/wp\/v2\/product"}],"about":[{"href":"https:\/\/suittoeyewear.com\/ca\/wp-json\/wp\/v2\/types\/product"}],"wp:featuredmedia":[{"embeddable":true,"href":"https:\/\/suittoeyewear.com\/ca\/wp-json\/wp\/v2\/media\/21714"}],"wp:attachment":[{"href":"https:\/\/suittoeyewear.com\/ca\/wp-json\/wp\/v2\/media?parent=28577"}],"wp:term":[{"taxonomy":"product_brand","embeddable":true,"href":"https:\/\/suittoeyewear.com\/ca\/wp-json\/wp\/v2\/product_brand?post=28577"},{"taxonomy":"product_cat","embeddable":true,"href":"https:\/\/suittoeyewear.com\/ca\/wp-json\/wp\/v2\/product_cat?post=28577"},{"taxonomy":"product_tag","embeddable":true,"href":"https:\/\/suittoeyewear.com\/ca\/wp-json\/wp\/v2\/product_tag?post=28577"}],"curies":[{"name":"wp","href":"https:\/\/api.w.org\/{rel}","templated":true}]}}