{"id":28587,"date":"2025-05-11T00:50:42","date_gmt":"2025-05-10T22:50:42","guid":{"rendered":"https:\/\/suittoeyewear.com\/modelo\/and\/"},"modified":"2025-05-25T09:26:14","modified_gmt":"2025-05-25T07:26:14","slug":"and","status":"publish","type":"product","link":"https:\/\/suittoeyewear.com\/ca\/model\/and\/","title":{"rendered":"AND"},"content":{"rendered":"<p>AND: La supernova SN 1885A \u00e9s tamb\u00e9 coneguda com a supernova Andromedae, va ser descoberta el 19 d&#8217;agost de 1885 per l&#8217;astr\u00f2nom irland\u00e8s Isaac Ward i un dia despr\u00e9s per l&#8217;astr\u00f2nom estoniano Ernst Hartwing. \u00c9s l&#8217;\u00fanica supernova enregistrada de la gal\u00e0xia d&#8217;Andromeda. <\/p>\n","protected":false},"excerpt":{"rendered":"<p>AND: La supernova SN 1885A \u00e9s tamb\u00e9 coneguda com a supernova Andromedae, va ser descoberta el 19 d&#8217;agost de 1885 per l&#8217;astr\u00f2nom irland\u00e8s Isaac Ward i un dia despr\u00e9s per l&#8217;astr\u00f2nom estoniano Ernst Hartwing. \u00c9s l&#8217;\u00fanica supernova enregistrada de la gal\u00e0xia d&#8217;Andromeda.<\/p>\n","protected":false},"featured_media":22562,"template":"","meta":{"_acf_changed":false},"product_brand":[],"product_cat":[428,427],"product_tag":[390],"class_list":{"0":"post-28587","1":"product","2":"type-product","3":"status-publish","4":"has-post-thumbnail","6":"product_cat-supernova-ca","7":"product_cat-supernova-dona","8":"product_tag-sol-ca-2","9":"pa_tonalidad-de-color-01-ca","10":"pa_tonalidad-de-color-23-ca","11":"pa_tonalidad-de-color-48-ca","12":"pa_tonalidad-de-color-67-ca","14":"first","15":"instock","16":"purchasable","17":"product-type-variable"},"acf":[],"_links":{"self":[{"href":"https:\/\/suittoeyewear.com\/ca\/wp-json\/wp\/v2\/product\/28587","targetHints":{"allow":["GET"]}}],"collection":[{"href":"https:\/\/suittoeyewear.com\/ca\/wp-json\/wp\/v2\/product"}],"about":[{"href":"https:\/\/suittoeyewear.com\/ca\/wp-json\/wp\/v2\/types\/product"}],"wp:featuredmedia":[{"embeddable":true,"href":"https:\/\/suittoeyewear.com\/ca\/wp-json\/wp\/v2\/media\/22562"}],"wp:attachment":[{"href":"https:\/\/suittoeyewear.com\/ca\/wp-json\/wp\/v2\/media?parent=28587"}],"wp:term":[{"taxonomy":"product_brand","embeddable":true,"href":"https:\/\/suittoeyewear.com\/ca\/wp-json\/wp\/v2\/product_brand?post=28587"},{"taxonomy":"product_cat","embeddable":true,"href":"https:\/\/suittoeyewear.com\/ca\/wp-json\/wp\/v2\/product_cat?post=28587"},{"taxonomy":"product_tag","embeddable":true,"href":"https:\/\/suittoeyewear.com\/ca\/wp-json\/wp\/v2\/product_tag?post=28587"}],"curies":[{"name":"wp","href":"https:\/\/api.w.org\/{rel}","templated":true}]}}