{"id":28607,"date":"2025-05-11T00:54:51","date_gmt":"2025-05-10T22:54:51","guid":{"rendered":"https:\/\/suittoeyewear.com\/modelo\/bre\/"},"modified":"2025-05-25T09:06:52","modified_gmt":"2025-05-25T07:06:52","slug":"bre","status":"publish","type":"product","link":"https:\/\/suittoeyewear.com\/ca\/model\/bre\/","title":{"rendered":"BRE"},"content":{"rendered":"<p>Madeleine Br\u00e8s (Bouillargues, 1842 \u2013 Montrouge, 1921) primera dona francesa a obtenir el t\u00edtol de metge. Amb el consentiment del seu marit va sol\u00b7licitar estudiar medicina, per\u00f2 el deg\u00e0 de la facultat la va obligar a estudiar abans un grau d&#8217;art i ci\u00e8ncies. Finalment amb l&#8217;aprovaci\u00f3 del Consell de Ministres franc\u00e8s i de l&#8217;Emperadriu Eugenia de Montijo va poder estudiar medicina a Par\u00eds. Va ser pediatre i professora d&#8217;higiene a escoles bressol a Fran\u00e7a i Su\u00efssa, va dirigir el diari Hygi\u00e8ne de la femme et de l&#8217;enfant i va ser autora de diversos llibres de puericultura.   <\/p>\n","protected":false},"excerpt":{"rendered":"<p>Madeleine Br\u00e8s (Bouillargues, 1842 \u2013 Montrouge, 1921) primera dona francesa a obtenir el t\u00edtol de metge. Amb el consentiment del seu marit va sol\u00b7licitar estudiar medicina, per\u00f2 el deg\u00e0 de la facultat la va obligar a estudiar abans un grau d&#8217;art i ci\u00e8ncies. Finalment amb l&#8217;aprovaci\u00f3 del Consell de Ministres franc\u00e8s i de l&#8217;Emperadriu Eugenia [&hellip;]<\/p>\n","protected":false},"featured_media":23074,"template":"","meta":{"_acf_changed":false},"product_brand":[],"product_cat":[339,338],"product_tag":[341],"class_list":{"0":"post-28607","1":"product","2":"type-product","3":"status-publish","4":"has-post-thumbnail","6":"product_cat-tested-on-faces-ca","7":"product_cat-tested-on-faces-dona","8":"product_tag-vista-ca-2","9":"pa_tonalidad-de-color-01-ca","10":"pa_tonalidad-de-color-30-ca","11":"pa_tonalidad-de-color-3023-ca","12":"pa_tonalidad-de-color-3217-ca","14":"first","15":"instock","16":"purchasable","17":"product-type-variable"},"acf":[],"_links":{"self":[{"href":"https:\/\/suittoeyewear.com\/ca\/wp-json\/wp\/v2\/product\/28607","targetHints":{"allow":["GET"]}}],"collection":[{"href":"https:\/\/suittoeyewear.com\/ca\/wp-json\/wp\/v2\/product"}],"about":[{"href":"https:\/\/suittoeyewear.com\/ca\/wp-json\/wp\/v2\/types\/product"}],"wp:featuredmedia":[{"embeddable":true,"href":"https:\/\/suittoeyewear.com\/ca\/wp-json\/wp\/v2\/media\/23074"}],"wp:attachment":[{"href":"https:\/\/suittoeyewear.com\/ca\/wp-json\/wp\/v2\/media?parent=28607"}],"wp:term":[{"taxonomy":"product_brand","embeddable":true,"href":"https:\/\/suittoeyewear.com\/ca\/wp-json\/wp\/v2\/product_brand?post=28607"},{"taxonomy":"product_cat","embeddable":true,"href":"https:\/\/suittoeyewear.com\/ca\/wp-json\/wp\/v2\/product_cat?post=28607"},{"taxonomy":"product_tag","embeddable":true,"href":"https:\/\/suittoeyewear.com\/ca\/wp-json\/wp\/v2\/product_tag?post=28607"}],"curies":[{"name":"wp","href":"https:\/\/api.w.org\/{rel}","templated":true}]}}