{"id":28610,"date":"2025-05-11T00:53:24","date_gmt":"2025-05-10T22:53:24","guid":{"rendered":"https:\/\/suittoeyewear.com\/modelo\/baumkuchen\/"},"modified":"2025-05-25T09:15:58","modified_gmt":"2025-05-25T07:15:58","slug":"baumkuchen","status":"publish","type":"product","link":"https:\/\/suittoeyewear.com\/ca\/model\/baumkuchen\/","title":{"rendered":"BAUMKUCHEN"},"content":{"rendered":"<p>Aquest past\u00eds alemany, el Baumk\u00fcchen, \u00e9s conegut per les seves capes fin\u00edssimes que s \u201cenfornen una a una, formant anells que marquen el pas del temps. El seu disseny, constru\u00eft amb paci\u00e8ncia i precisi\u00f3, reflecteix l\u201d atenci\u00f3 al detall i la repetici\u00f3 que es troba a la mateixa natura. Un past\u00eds que es gaudeix per la seva estructura meticulosa i el seu sabor elegant.  <\/p>\n","protected":false},"excerpt":{"rendered":"<p>Aquest past\u00eds alemany, el Baumk\u00fcchen, \u00e9s conegut per les seves capes fin\u00edssimes que s \u201cenfornen una a una, formant anells que marquen el pas del temps. El seu disseny, constru\u00eft amb paci\u00e8ncia i precisi\u00f3, reflecteix l\u201d atenci\u00f3 al detall i la repetici\u00f3 que es troba a la mateixa natura. Un past\u00eds que es gaudeix per [&hellip;]<\/p>\n","protected":false},"featured_media":21754,"template":"","meta":{"_acf_changed":false},"product_brand":[],"product_cat":[388,393],"product_tag":[340,341],"class_list":{"0":"post-28610","1":"product","2":"type-product","3":"status-publish","4":"has-post-thumbnail","6":"product_cat-sybarite-ca","7":"product_cat-sybarite-home","8":"product_tag-novetat","9":"product_tag-vista-ca-2","10":"pa_tonalidad-de-color-72-ca","11":"pa_tonalidad-de-color-75-ca","12":"pa_tonalidad-de-color-77-ca","13":"pa_tonalidad-de-color-01-ca","15":"first","16":"instock","17":"purchasable","18":"product-type-variable"},"acf":[],"_links":{"self":[{"href":"https:\/\/suittoeyewear.com\/ca\/wp-json\/wp\/v2\/product\/28610","targetHints":{"allow":["GET"]}}],"collection":[{"href":"https:\/\/suittoeyewear.com\/ca\/wp-json\/wp\/v2\/product"}],"about":[{"href":"https:\/\/suittoeyewear.com\/ca\/wp-json\/wp\/v2\/types\/product"}],"wp:featuredmedia":[{"embeddable":true,"href":"https:\/\/suittoeyewear.com\/ca\/wp-json\/wp\/v2\/media\/21754"}],"wp:attachment":[{"href":"https:\/\/suittoeyewear.com\/ca\/wp-json\/wp\/v2\/media?parent=28610"}],"wp:term":[{"taxonomy":"product_brand","embeddable":true,"href":"https:\/\/suittoeyewear.com\/ca\/wp-json\/wp\/v2\/product_brand?post=28610"},{"taxonomy":"product_cat","embeddable":true,"href":"https:\/\/suittoeyewear.com\/ca\/wp-json\/wp\/v2\/product_cat?post=28610"},{"taxonomy":"product_tag","embeddable":true,"href":"https:\/\/suittoeyewear.com\/ca\/wp-json\/wp\/v2\/product_tag?post=28610"}],"curies":[{"name":"wp","href":"https:\/\/api.w.org\/{rel}","templated":true}]}}