{"id":28618,"date":"2025-05-11T00:54:21","date_gmt":"2025-05-10T22:54:21","guid":{"rendered":"https:\/\/suittoeyewear.com\/modelo\/bica\/"},"modified":"2025-05-25T09:09:31","modified_gmt":"2025-05-25T07:09:31","slug":"bica","status":"publish","type":"product","link":"https:\/\/suittoeyewear.com\/ca\/model\/bica\/","title":{"rendered":"BICA"},"content":{"rendered":"<p>Origin\u00e0ria de Gal\u00edcia, la Bica \u00e9s un past\u00eds senzill per\u00f2 ple d&#8217;\u00e0nima, de molla densa i color daurat. La seva sobrietat reflecteix un disseny c\u00e0lid, ple de matisos que evoquen una serenitat profunda. Encara modest en aparen\u00e7a, la seva riquesa de sabor es desplega amb cada tall, com una obra mestra que sap acompanyar sense pretensions, per\u00f2 deixant una empremta inesborrable.  <\/p>\n","protected":false},"excerpt":{"rendered":"<p>Origin\u00e0ria de Gal\u00edcia, la Bica \u00e9s un past\u00eds senzill per\u00f2 ple d&#8217;\u00e0nima, de molla densa i color daurat. La seva sobrietat reflecteix un disseny c\u00e0lid, ple de matisos que evoquen una serenitat profunda. Encara modest en aparen\u00e7a, la seva riquesa de sabor es desplega amb cada tall, com una obra mestra que sap acompanyar sense [&hellip;]<\/p>\n","protected":false},"featured_media":21770,"template":"","meta":{"_acf_changed":false},"product_brand":[],"product_cat":[388,389],"product_tag":[340,341],"class_list":{"0":"post-28618","1":"product","2":"type-product","3":"status-publish","4":"has-post-thumbnail","6":"product_cat-sybarite-ca","7":"product_cat-sybarite-dona","8":"product_tag-novetat","9":"product_tag-vista-ca-2","10":"pa_tonalidad-de-color-89-ca","11":"pa_tonalidad-de-color-92-ca","12":"pa_tonalidad-de-color-99-ca","13":"pa_tonalidad-de-color-01-ca","15":"first","16":"instock","17":"purchasable","18":"product-type-variable"},"acf":[],"_links":{"self":[{"href":"https:\/\/suittoeyewear.com\/ca\/wp-json\/wp\/v2\/product\/28618","targetHints":{"allow":["GET"]}}],"collection":[{"href":"https:\/\/suittoeyewear.com\/ca\/wp-json\/wp\/v2\/product"}],"about":[{"href":"https:\/\/suittoeyewear.com\/ca\/wp-json\/wp\/v2\/types\/product"}],"wp:featuredmedia":[{"embeddable":true,"href":"https:\/\/suittoeyewear.com\/ca\/wp-json\/wp\/v2\/media\/21770"}],"wp:attachment":[{"href":"https:\/\/suittoeyewear.com\/ca\/wp-json\/wp\/v2\/media?parent=28618"}],"wp:term":[{"taxonomy":"product_brand","embeddable":true,"href":"https:\/\/suittoeyewear.com\/ca\/wp-json\/wp\/v2\/product_brand?post=28618"},{"taxonomy":"product_cat","embeddable":true,"href":"https:\/\/suittoeyewear.com\/ca\/wp-json\/wp\/v2\/product_cat?post=28618"},{"taxonomy":"product_tag","embeddable":true,"href":"https:\/\/suittoeyewear.com\/ca\/wp-json\/wp\/v2\/product_tag?post=28618"}],"curies":[{"name":"wp","href":"https:\/\/api.w.org\/{rel}","templated":true}]}}