{"id":28632,"date":"2025-05-11T00:55:21","date_gmt":"2025-05-10T22:55:21","guid":{"rendered":"https:\/\/suittoeyewear.com\/modelo\/buchteln\/"},"modified":"2025-05-24T13:04:06","modified_gmt":"2025-05-24T11:04:06","slug":"buchteln","status":"publish","type":"product","link":"https:\/\/suittoeyewear.com\/ca\/model\/buchteln\/","title":{"rendered":"BUCHTELN"},"content":{"rendered":"<p>Originari d \u201cEuropa Central, el Buchteln s\u00f3n petits pastissos que s\u201d enfornen en conjunt, formant una unitat daurada i esponjosa. El gest de separar-los revela una riquesa interna. Aquesta dualitat destructura exterior i interior es reflecteix en un disseny que abra\u00e7a, protegeix i sorpr\u00e8n, mostrant que les coses m\u00e9s simples poden guardar el m\u00e9s valu\u00f3s.  <\/p>\n","protected":false},"excerpt":{"rendered":"<p>Originari d \u201cEuropa Central, el Buchteln s\u00f3n petits pastissos que s\u201d enfornen en conjunt, formant una unitat daurada i esponjosa. El gest de separar-los revela una riquesa interna. Aquesta dualitat destructura exterior i interior es reflecteix en un disseny que abra\u00e7a, protegeix i sorpr\u00e8n, mostrant que les coses m\u00e9s simples poden guardar el m\u00e9s valu\u00f3s.<\/p>\n","protected":false},"featured_media":21810,"template":"","meta":{"_acf_changed":false},"product_brand":[],"product_cat":[388,393],"product_tag":[340,341],"class_list":{"0":"post-28632","1":"product","2":"type-product","3":"status-publish","4":"has-post-thumbnail","6":"product_cat-sybarite-ca","7":"product_cat-sybarite-home","8":"product_tag-novetat","9":"product_tag-vista-ca-2","10":"pa_tonalidad-de-color-01-ca","11":"pa_tonalidad-de-color-70-ca","12":"pa_tonalidad-de-color-76-ca","13":"pa_tonalidad-de-color-88-ca","15":"first","16":"instock","17":"purchasable","18":"product-type-variable"},"acf":[],"_links":{"self":[{"href":"https:\/\/suittoeyewear.com\/ca\/wp-json\/wp\/v2\/product\/28632","targetHints":{"allow":["GET"]}}],"collection":[{"href":"https:\/\/suittoeyewear.com\/ca\/wp-json\/wp\/v2\/product"}],"about":[{"href":"https:\/\/suittoeyewear.com\/ca\/wp-json\/wp\/v2\/types\/product"}],"wp:featuredmedia":[{"embeddable":true,"href":"https:\/\/suittoeyewear.com\/ca\/wp-json\/wp\/v2\/media\/21810"}],"wp:attachment":[{"href":"https:\/\/suittoeyewear.com\/ca\/wp-json\/wp\/v2\/media?parent=28632"}],"wp:term":[{"taxonomy":"product_brand","embeddable":true,"href":"https:\/\/suittoeyewear.com\/ca\/wp-json\/wp\/v2\/product_brand?post=28632"},{"taxonomy":"product_cat","embeddable":true,"href":"https:\/\/suittoeyewear.com\/ca\/wp-json\/wp\/v2\/product_cat?post=28632"},{"taxonomy":"product_tag","embeddable":true,"href":"https:\/\/suittoeyewear.com\/ca\/wp-json\/wp\/v2\/product_tag?post=28632"}],"curies":[{"name":"wp","href":"https:\/\/api.w.org\/{rel}","templated":true}]}}