{"id":28646,"date":"2025-05-11T00:56:26","date_gmt":"2025-05-10T22:56:26","guid":{"rendered":"https:\/\/suittoeyewear.com\/modelo\/bul\/"},"modified":"2025-05-24T12:57:24","modified_gmt":"2025-05-24T10:57:24","slug":"bul","status":"publish","type":"product","link":"https:\/\/suittoeyewear.com\/ca\/model\/bul\/","title":{"rendered":"BUL"},"content":{"rendered":"<p>Margaret Ann Bulkley (Belfast 1795 \u2013 Londres 1865) va ser cirurgiana i inspectora general dels hospitals de l&#8217;ex\u00e8rcit brit\u00e0nic. Com que era dona no podia estudiar medicina i va haver de canviar la seva identitat durant tota la seva vida convertint-se en James Barry. Va servir a la batalla de Waterloo, a l&#8217;\u00cdndia i Sud-\u00e0frica. Va lluitar per una medicina \u00e8tica que respectessin els malalts sobretot presoners i leprosos. Va donar instruccions que el dia que mor\u00eds l&#8217;enterressin amb la roba que port\u00e9s per\u00f2 no li van ser respectats els seus desitjos, es va descobrir que en realitat era una dona i que havia estat embarassada. Es va convertir en la primera dona llicenciada en medicina i en servir a l&#8217;ex\u00e8rcit brit\u00e0nic.     <\/p>\n","protected":false},"excerpt":{"rendered":"<p>Margaret Ann Bulkley (Belfast 1795 \u2013 Londres 1865) va ser cirurgiana i inspectora general dels hospitals de l&#8217;ex\u00e8rcit brit\u00e0nic. Com que era dona no podia estudiar medicina i va haver de canviar la seva identitat durant tota la seva vida convertint-se en James Barry. Va servir a la batalla de Waterloo, a l&#8217;\u00cdndia i Sud-\u00e0frica. [&hellip;]<\/p>\n","protected":false},"featured_media":23146,"template":"","meta":{"_acf_changed":false},"product_brand":[],"product_cat":[339,336],"product_tag":[341],"class_list":{"0":"post-28646","1":"product","2":"type-product","3":"status-publish","4":"has-post-thumbnail","6":"product_cat-tested-on-faces-ca","7":"product_cat-tested-on-faces-home","8":"product_tag-vista-ca-2","9":"pa_tonalidad-de-color-23-ca","10":"pa_tonalidad-de-color-39-ca","11":"pa_tonalidad-de-color-42-ca","12":"pa_tonalidad-de-color-57r-ca","13":"pa_tonalidad-de-color-78-ca","15":"first","16":"instock","17":"purchasable","18":"product-type-variable"},"acf":[],"_links":{"self":[{"href":"https:\/\/suittoeyewear.com\/ca\/wp-json\/wp\/v2\/product\/28646","targetHints":{"allow":["GET"]}}],"collection":[{"href":"https:\/\/suittoeyewear.com\/ca\/wp-json\/wp\/v2\/product"}],"about":[{"href":"https:\/\/suittoeyewear.com\/ca\/wp-json\/wp\/v2\/types\/product"}],"wp:featuredmedia":[{"embeddable":true,"href":"https:\/\/suittoeyewear.com\/ca\/wp-json\/wp\/v2\/media\/23146"}],"wp:attachment":[{"href":"https:\/\/suittoeyewear.com\/ca\/wp-json\/wp\/v2\/media?parent=28646"}],"wp:term":[{"taxonomy":"product_brand","embeddable":true,"href":"https:\/\/suittoeyewear.com\/ca\/wp-json\/wp\/v2\/product_brand?post=28646"},{"taxonomy":"product_cat","embeddable":true,"href":"https:\/\/suittoeyewear.com\/ca\/wp-json\/wp\/v2\/product_cat?post=28646"},{"taxonomy":"product_tag","embeddable":true,"href":"https:\/\/suittoeyewear.com\/ca\/wp-json\/wp\/v2\/product_tag?post=28646"}],"curies":[{"name":"wp","href":"https:\/\/api.w.org\/{rel}","templated":true}]}}