{"id":28677,"date":"2025-05-11T00:56:59","date_gmt":"2025-05-10T22:56:59","guid":{"rendered":"https:\/\/suittoeyewear.com\/modelo\/can\/"},"modified":"2025-05-24T12:54:22","modified_gmt":"2025-05-24T10:54:22","slug":"can","status":"publish","type":"product","link":"https:\/\/suittoeyewear.com\/ca\/model\/can\/","title":{"rendered":"CAN"},"content":{"rendered":"<p>El 4 de juliol de 1054, els astr\u00f2noms xinesos van observar la supernova SN 1054 va apar\u00e8ixer a la constel\u00b7laci\u00f3 de Taure. Els indis Anasazi de l&#8217;actual Arizona als EUA tamb\u00e9 la van observar i la van dibuixar en un petroglif al Can\u00f3 del Chaco. La nebulosa del Cranc \u00e9s el romanent i actualment t\u00e9 75.000 vegades m\u00e9s energia que el sol.  <\/p>\n","protected":false},"excerpt":{"rendered":"<p>El 4 de juliol de 1054, els astr\u00f2noms xinesos van observar la supernova SN 1054 va apar\u00e8ixer a la constel\u00b7laci\u00f3 de Taure. Els indis Anasazi de l&#8217;actual Arizona als EUA tamb\u00e9 la van observar i la van dibuixar en un petroglif al Can\u00f3 del Chaco. La nebulosa del Cranc \u00e9s el romanent i actualment t\u00e9 [&hellip;]<\/p>\n","protected":false},"featured_media":22602,"template":"","meta":{"_acf_changed":false},"product_brand":[],"product_cat":[428,427],"product_tag":[390],"class_list":{"0":"post-28677","1":"product","2":"type-product","3":"status-publish","4":"has-post-thumbnail","6":"product_cat-supernova-ca","7":"product_cat-supernova-dona","8":"product_tag-sol-ca-2","9":"pa_tonalidad-de-color-01-ca","10":"pa_tonalidad-de-color-23-ca","11":"pa_tonalidad-de-color-45-ca","12":"pa_tonalidad-de-color-49-ca","14":"first","15":"instock","16":"purchasable","17":"product-type-variable"},"acf":[],"_links":{"self":[{"href":"https:\/\/suittoeyewear.com\/ca\/wp-json\/wp\/v2\/product\/28677","targetHints":{"allow":["GET"]}}],"collection":[{"href":"https:\/\/suittoeyewear.com\/ca\/wp-json\/wp\/v2\/product"}],"about":[{"href":"https:\/\/suittoeyewear.com\/ca\/wp-json\/wp\/v2\/types\/product"}],"wp:featuredmedia":[{"embeddable":true,"href":"https:\/\/suittoeyewear.com\/ca\/wp-json\/wp\/v2\/media\/22602"}],"wp:attachment":[{"href":"https:\/\/suittoeyewear.com\/ca\/wp-json\/wp\/v2\/media?parent=28677"}],"wp:term":[{"taxonomy":"product_brand","embeddable":true,"href":"https:\/\/suittoeyewear.com\/ca\/wp-json\/wp\/v2\/product_brand?post=28677"},{"taxonomy":"product_cat","embeddable":true,"href":"https:\/\/suittoeyewear.com\/ca\/wp-json\/wp\/v2\/product_cat?post=28677"},{"taxonomy":"product_tag","embeddable":true,"href":"https:\/\/suittoeyewear.com\/ca\/wp-json\/wp\/v2\/product_tag?post=28677"}],"curies":[{"name":"wp","href":"https:\/\/api.w.org\/{rel}","templated":true}]}}