{"id":28704,"date":"2025-05-11T01:02:44","date_gmt":"2025-05-10T23:02:44","guid":{"rendered":"https:\/\/suittoeyewear.com\/modelo\/ern\/"},"modified":"2025-05-24T12:12:42","modified_gmt":"2025-05-24T10:12:42","slug":"ern","status":"publish","type":"product","link":"https:\/\/suittoeyewear.com\/ca\/model\/ern\/","title":{"rendered":"ERN"},"content":{"rendered":"<p>Ernest Gerald Gibbins (Liverpool 1900 \u2013 Uganda 1942) entom\u00f2leg brit\u00e0nic que va estudiar les malalties tropicals i va descriure 26 noves esp\u00e8cies d&#8217;insectes. Mentre investigava a Uganda, va ser assassinat a ganivetades per membres de la tribu de Lugbara, que creien que faria servir les seves mostres de sang per a bruixeria. Un any despr\u00e9s la seva col\u00b7lecci\u00f3 d&#8217;insectes, es presentaria al Museu Natural d&#8217;Hist\u00f2ria Brit\u00e0nic.  <\/p>\n","protected":false},"excerpt":{"rendered":"<p>Ernest Gerald Gibbins (Liverpool 1900 \u2013 Uganda 1942) entom\u00f2leg brit\u00e0nic que va estudiar les malalties tropicals i va descriure 26 noves esp\u00e8cies d&#8217;insectes. Mentre investigava a Uganda, va ser assassinat a ganivetades per membres de la tribu de Lugbara, que creien que faria servir les seves mostres de sang per a bruixeria. Un any despr\u00e9s [&hellip;]<\/p>\n","protected":false},"featured_media":23298,"template":"","meta":{"_acf_changed":false},"product_brand":[],"product_cat":[339,336],"product_tag":[341],"class_list":{"0":"post-28704","1":"product","2":"type-product","3":"status-publish","4":"has-post-thumbnail","6":"product_cat-tested-on-faces-ca","7":"product_cat-tested-on-faces-home","8":"product_tag-vista-ca-2","9":"pa_tonalidad-de-color-40-ca","10":"pa_tonalidad-de-color-01-ca","11":"pa_tonalidad-de-color-39-ca","12":"pa_tonalidad-de-color-59r-ca","14":"first","15":"instock","16":"purchasable","17":"product-type-variable"},"acf":[],"_links":{"self":[{"href":"https:\/\/suittoeyewear.com\/ca\/wp-json\/wp\/v2\/product\/28704","targetHints":{"allow":["GET"]}}],"collection":[{"href":"https:\/\/suittoeyewear.com\/ca\/wp-json\/wp\/v2\/product"}],"about":[{"href":"https:\/\/suittoeyewear.com\/ca\/wp-json\/wp\/v2\/types\/product"}],"wp:featuredmedia":[{"embeddable":true,"href":"https:\/\/suittoeyewear.com\/ca\/wp-json\/wp\/v2\/media\/23298"}],"wp:attachment":[{"href":"https:\/\/suittoeyewear.com\/ca\/wp-json\/wp\/v2\/media?parent=28704"}],"wp:term":[{"taxonomy":"product_brand","embeddable":true,"href":"https:\/\/suittoeyewear.com\/ca\/wp-json\/wp\/v2\/product_brand?post=28704"},{"taxonomy":"product_cat","embeddable":true,"href":"https:\/\/suittoeyewear.com\/ca\/wp-json\/wp\/v2\/product_cat?post=28704"},{"taxonomy":"product_tag","embeddable":true,"href":"https:\/\/suittoeyewear.com\/ca\/wp-json\/wp\/v2\/product_tag?post=28704"}],"curies":[{"name":"wp","href":"https:\/\/api.w.org\/{rel}","templated":true}]}}