{"id":28734,"date":"2025-05-11T01:03:12","date_gmt":"2025-05-10T23:03:12","guid":{"rendered":"https:\/\/suittoeyewear.com\/modelo\/fabiola\/"},"modified":"2025-05-24T12:09:50","modified_gmt":"2025-05-24T10:09:50","slug":"fabiola","status":"publish","type":"product","link":"https:\/\/suittoeyewear.com\/ca\/model\/fabiola\/","title":{"rendered":"FABIOLA"},"content":{"rendered":"<p>Creat als anys 50 en homenatge a la reina Fabiola, el Fabiola combina una textura esponjosa amb una capa suau de crema, evocant una est\u00e8tica de proporci\u00f3 i delicadesa. La seva pres\u00e8ncia noble i refinada es tradueix en una pe\u00e7a que es gaudeix tant pel seu sabor com per la seva eleg\u00e0ncia, una celebraci\u00f3 del cl\u00e0ssic que mai no perd la seva rellev\u00e0ncia. <\/p>\n","protected":false},"excerpt":{"rendered":"<p>Creat als anys 50 en homenatge a la reina Fabiola, el Fabiola combina una textura esponjosa amb una capa suau de crema, evocant una est\u00e8tica de proporci\u00f3 i delicadesa. La seva pres\u00e8ncia noble i refinada es tradueix en una pe\u00e7a que es gaudeix tant pel seu sabor com per la seva eleg\u00e0ncia, una celebraci\u00f3 del [&hellip;]<\/p>\n","protected":false},"featured_media":22010,"template":"","meta":{"_acf_changed":false},"product_brand":[],"product_cat":[388,389],"product_tag":[340,341],"class_list":{"0":"post-28734","1":"product","2":"type-product","3":"status-publish","4":"has-post-thumbnail","6":"product_cat-sybarite-ca","7":"product_cat-sybarite-dona","8":"product_tag-novetat","9":"product_tag-vista-ca-2","10":"pa_tonalidad-de-color-84-ca","11":"pa_tonalidad-de-color-87-ca","12":"pa_tonalidad-de-color-01-ca","13":"pa_tonalidad-de-color-53-ca","15":"first","16":"instock","17":"purchasable","18":"product-type-variable"},"acf":[],"_links":{"self":[{"href":"https:\/\/suittoeyewear.com\/ca\/wp-json\/wp\/v2\/product\/28734","targetHints":{"allow":["GET"]}}],"collection":[{"href":"https:\/\/suittoeyewear.com\/ca\/wp-json\/wp\/v2\/product"}],"about":[{"href":"https:\/\/suittoeyewear.com\/ca\/wp-json\/wp\/v2\/types\/product"}],"wp:featuredmedia":[{"embeddable":true,"href":"https:\/\/suittoeyewear.com\/ca\/wp-json\/wp\/v2\/media\/22010"}],"wp:attachment":[{"href":"https:\/\/suittoeyewear.com\/ca\/wp-json\/wp\/v2\/media?parent=28734"}],"wp:term":[{"taxonomy":"product_brand","embeddable":true,"href":"https:\/\/suittoeyewear.com\/ca\/wp-json\/wp\/v2\/product_brand?post=28734"},{"taxonomy":"product_cat","embeddable":true,"href":"https:\/\/suittoeyewear.com\/ca\/wp-json\/wp\/v2\/product_cat?post=28734"},{"taxonomy":"product_tag","embeddable":true,"href":"https:\/\/suittoeyewear.com\/ca\/wp-json\/wp\/v2\/product_tag?post=28734"}],"curies":[{"name":"wp","href":"https:\/\/api.w.org\/{rel}","templated":true}]}}