{"id":28745,"date":"2025-05-11T01:04:11","date_gmt":"2025-05-10T23:04:11","guid":{"rendered":"https:\/\/suittoeyewear.com\/modelo\/filloa\/"},"modified":"2025-05-24T12:04:26","modified_gmt":"2025-05-24T10:04:26","slug":"filloa","status":"publish","type":"product","link":"https:\/\/suittoeyewear.com\/ca\/model\/filloa\/","title":{"rendered":"FILLOA"},"content":{"rendered":"<p>Les Filloes, fines com el paper i gaireb\u00e9 transparents, s \u201celaboren amb cura al nord-oest atl\u00e0ntic. La seva construcci\u00f3 precisa i irregular inspira un disseny que \u00e9s gaireb\u00e9 eteri, lleuger, com una segona pell. Aquest past\u00eds reflecteix la import\u00e0ncia del que s\u201d amaga en all\u00f2 subtil, transmetent un equilibri entre all\u00f2 suau i all\u00f2 present.  <\/p>\n","protected":false},"excerpt":{"rendered":"<p>Les Filloes, fines com el paper i gaireb\u00e9 transparents, s \u201celaboren amb cura al nord-oest atl\u00e0ntic. La seva construcci\u00f3 precisa i irregular inspira un disseny que \u00e9s gaireb\u00e9 eteri, lleuger, com una segona pell. Aquest past\u00eds reflecteix la import\u00e0ncia del que s\u201d amaga en all\u00f2 subtil, transmetent un equilibri entre all\u00f2 suau i all\u00f2 present.<\/p>\n","protected":false},"featured_media":22018,"template":"","meta":{"_acf_changed":false},"product_brand":[],"product_cat":[388,389],"product_tag":[340,341],"class_list":{"0":"post-28745","1":"product","2":"type-product","3":"status-publish","4":"has-post-thumbnail","6":"product_cat-sybarite-ca","7":"product_cat-sybarite-dona","8":"product_tag-novetat","9":"product_tag-vista-ca-2","10":"pa_tonalidad-de-color-71-ca","11":"pa_tonalidad-de-color-73-ca","12":"pa_tonalidad-de-color-76-ca","13":"pa_tonalidad-de-color-01-ca","15":"first","16":"instock","17":"purchasable","18":"product-type-variable"},"acf":[],"_links":{"self":[{"href":"https:\/\/suittoeyewear.com\/ca\/wp-json\/wp\/v2\/product\/28745","targetHints":{"allow":["GET"]}}],"collection":[{"href":"https:\/\/suittoeyewear.com\/ca\/wp-json\/wp\/v2\/product"}],"about":[{"href":"https:\/\/suittoeyewear.com\/ca\/wp-json\/wp\/v2\/types\/product"}],"wp:featuredmedia":[{"embeddable":true,"href":"https:\/\/suittoeyewear.com\/ca\/wp-json\/wp\/v2\/media\/22018"}],"wp:attachment":[{"href":"https:\/\/suittoeyewear.com\/ca\/wp-json\/wp\/v2\/media?parent=28745"}],"wp:term":[{"taxonomy":"product_brand","embeddable":true,"href":"https:\/\/suittoeyewear.com\/ca\/wp-json\/wp\/v2\/product_brand?post=28745"},{"taxonomy":"product_cat","embeddable":true,"href":"https:\/\/suittoeyewear.com\/ca\/wp-json\/wp\/v2\/product_cat?post=28745"},{"taxonomy":"product_tag","embeddable":true,"href":"https:\/\/suittoeyewear.com\/ca\/wp-json\/wp\/v2\/product_tag?post=28745"}],"curies":[{"name":"wp","href":"https:\/\/api.w.org\/{rel}","templated":true}]}}