{"id":28775,"date":"2025-05-11T01:04:41","date_gmt":"2025-05-10T23:04:41","guid":{"rendered":"https:\/\/suittoeyewear.com\/modelo\/flaona\/"},"modified":"2025-05-24T11:56:00","modified_gmt":"2025-05-24T09:56:00","slug":"flaona","status":"publish","type":"product","link":"https:\/\/suittoeyewear.com\/ca\/model\/flaona\/","title":{"rendered":"FLAONA"},"content":{"rendered":"<p>La Flaona, tradicional d&#8217;Eivissa i Formentera, t\u00e9 una base de massa tancada que amaga formatge fresc i sucre. Aquest dol\u00e7, associat amb celebracions i reunions, transmet la barreja perfecta de dol\u00e7or i car\u00e0cter.  <\/p>\n","protected":false},"excerpt":{"rendered":"<p>La Flaona, tradicional d&#8217;Eivissa i Formentera, t\u00e9 una base de massa tancada que amaga formatge fresc i sucre. Aquest dol\u00e7, associat amb celebracions i reunions, transmet la barreja perfecta de dol\u00e7or i car\u00e0cter.<\/p>\n","protected":false},"featured_media":22050,"template":"","meta":{"_acf_changed":false},"product_brand":[],"product_cat":[388,389],"product_tag":[341],"class_list":{"0":"post-28775","1":"product","2":"type-product","3":"status-publish","4":"has-post-thumbnail","6":"product_cat-sybarite-ca","7":"product_cat-sybarite-dona","8":"product_tag-vista-ca-2","9":"pa_tonalidad-de-color-01-ca","10":"pa_tonalidad-de-color-23-ca","11":"pa_tonalidad-de-color-56r-ca","12":"pa_tonalidad-de-color-57r-ca","14":"first","15":"instock","16":"purchasable","17":"product-type-variable"},"acf":[],"_links":{"self":[{"href":"https:\/\/suittoeyewear.com\/ca\/wp-json\/wp\/v2\/product\/28775","targetHints":{"allow":["GET"]}}],"collection":[{"href":"https:\/\/suittoeyewear.com\/ca\/wp-json\/wp\/v2\/product"}],"about":[{"href":"https:\/\/suittoeyewear.com\/ca\/wp-json\/wp\/v2\/types\/product"}],"wp:featuredmedia":[{"embeddable":true,"href":"https:\/\/suittoeyewear.com\/ca\/wp-json\/wp\/v2\/media\/22050"}],"wp:attachment":[{"href":"https:\/\/suittoeyewear.com\/ca\/wp-json\/wp\/v2\/media?parent=28775"}],"wp:term":[{"taxonomy":"product_brand","embeddable":true,"href":"https:\/\/suittoeyewear.com\/ca\/wp-json\/wp\/v2\/product_brand?post=28775"},{"taxonomy":"product_cat","embeddable":true,"href":"https:\/\/suittoeyewear.com\/ca\/wp-json\/wp\/v2\/product_cat?post=28775"},{"taxonomy":"product_tag","embeddable":true,"href":"https:\/\/suittoeyewear.com\/ca\/wp-json\/wp\/v2\/product_tag?post=28775"}],"curies":[{"name":"wp","href":"https:\/\/api.w.org\/{rel}","templated":true}]}}