{"id":28790,"date":"2025-05-11T01:05:28","date_gmt":"2025-05-10T23:05:28","guid":{"rendered":"https:\/\/suittoeyewear.com\/modelo\/forner\/"},"modified":"2025-05-24T11:49:28","modified_gmt":"2025-05-24T09:49:28","slug":"forner","status":"publish","type":"product","link":"https:\/\/suittoeyewear.com\/ca\/model\/forner\/","title":{"rendered":"FORNER"},"content":{"rendered":"<p>El Forner, amb la seva textura cruixent per fora i suau per dins, t\u00e9 un disseny que reflecteix la senzillesa de la tradici\u00f3 fornera. La combinaci\u00f3 d&#8217;ingredients nobles i la preparaci\u00f3 meticulosa fan d&#8217;aquest past\u00eds una obra d&#8217;art. La seva forma irregular i artesanal parla del seu origen humil, mentre que cada mossa transmet una complexitat de sabors que el converteixen en una experi\u00e8ncia \u00fanica. \u00c9s un past\u00eds que, encara que senzill en la seva aparen\u00e7a, \u00e9s un tribut al veritable luxe del que \u00e9s natural i aut\u00e8ntic.   <\/p>\n","protected":false},"excerpt":{"rendered":"<p>El Forner, amb la seva textura cruixent per fora i suau per dins, t\u00e9 un disseny que reflecteix la senzillesa de la tradici\u00f3 fornera. La combinaci\u00f3 d&#8217;ingredients nobles i la preparaci\u00f3 meticulosa fan d&#8217;aquest past\u00eds una obra d&#8217;art. La seva forma irregular i artesanal parla del seu origen humil, mentre que cada mossa transmet una [&hellip;]<\/p>\n","protected":false},"featured_media":22098,"template":"","meta":{"_acf_changed":false},"product_brand":[],"product_cat":[388,393],"product_tag":[341],"class_list":{"0":"post-28790","1":"product","2":"type-product","3":"status-publish","4":"has-post-thumbnail","6":"product_cat-sybarite-ca","7":"product_cat-sybarite-home","8":"product_tag-vista-ca-2","9":"pa_tonalidad-de-color-60r-ca","10":"pa_tonalidad-de-color-79-ca","11":"pa_tonalidad-de-color-90-ca","12":"pa_tonalidad-de-color-01-ca","14":"first","15":"instock","16":"purchasable","17":"product-type-variable"},"acf":[],"_links":{"self":[{"href":"https:\/\/suittoeyewear.com\/ca\/wp-json\/wp\/v2\/product\/28790","targetHints":{"allow":["GET"]}}],"collection":[{"href":"https:\/\/suittoeyewear.com\/ca\/wp-json\/wp\/v2\/product"}],"about":[{"href":"https:\/\/suittoeyewear.com\/ca\/wp-json\/wp\/v2\/types\/product"}],"wp:featuredmedia":[{"embeddable":true,"href":"https:\/\/suittoeyewear.com\/ca\/wp-json\/wp\/v2\/media\/22098"}],"wp:attachment":[{"href":"https:\/\/suittoeyewear.com\/ca\/wp-json\/wp\/v2\/media?parent=28790"}],"wp:term":[{"taxonomy":"product_brand","embeddable":true,"href":"https:\/\/suittoeyewear.com\/ca\/wp-json\/wp\/v2\/product_brand?post=28790"},{"taxonomy":"product_cat","embeddable":true,"href":"https:\/\/suittoeyewear.com\/ca\/wp-json\/wp\/v2\/product_cat?post=28790"},{"taxonomy":"product_tag","embeddable":true,"href":"https:\/\/suittoeyewear.com\/ca\/wp-json\/wp\/v2\/product_tag?post=28790"}],"curies":[{"name":"wp","href":"https:\/\/api.w.org\/{rel}","templated":true}]}}