{"id":28799,"date":"2025-05-11T01:05:56","date_gmt":"2025-05-10T23:05:56","guid":{"rendered":"https:\/\/suittoeyewear.com\/modelo\/fos\/"},"modified":"2025-05-24T11:46:23","modified_gmt":"2025-05-24T09:46:23","slug":"fos","status":"publish","type":"product","link":"https:\/\/suittoeyewear.com\/ca\/model\/fos\/","title":{"rendered":"FOS"},"content":{"rendered":"<p>Dian Fossey (San Francisco 1932- Karisoke Research Center Rwanda 1985) Zo\u00f2loga nord-americana que va dedicar i lliurar la seva vida a la conservaci\u00f3 dels goril\u00b7les de muntanya de Rwanda i Congo. Als anys 80, la poblaci\u00f3 d&#8217;aquests animals vorejava l&#8217;extinci\u00f3 per culpa dels ca\u00e7adors furtius. El 1983 va publicar Gorilas a la boira, llibre que exposa les seves observacions i la seva relaci\u00f3 amb els goril\u00b7les en tots els anys d&#8217;estudis de camp. Va ser trobada a la seva cabana, assassinada a cops de matxet presumptament a mans dels furtius amb el suport de les autoritats ruandeses.   <\/p>\n","protected":false},"excerpt":{"rendered":"<p>Dian Fossey (San Francisco 1932- Karisoke Research Center Rwanda 1985) Zo\u00f2loga nord-americana que va dedicar i lliurar la seva vida a la conservaci\u00f3 dels goril\u00b7les de muntanya de Rwanda i Congo. Als anys 80, la poblaci\u00f3 d&#8217;aquests animals vorejava l&#8217;extinci\u00f3 per culpa dels ca\u00e7adors furtius. El 1983 va publicar Gorilas a la boira, llibre que [&hellip;]<\/p>\n","protected":false},"featured_media":23370,"template":"","meta":{"_acf_changed":false},"product_brand":[],"product_cat":[339,338],"product_tag":[341],"class_list":{"0":"post-28799","1":"product","2":"type-product","3":"status-publish","4":"has-post-thumbnail","6":"product_cat-tested-on-faces-ca","7":"product_cat-tested-on-faces-dona","8":"product_tag-vista-ca-2","9":"pa_tonalidad-de-color-42-ca","10":"pa_tonalidad-de-color-76-ca","11":"pa_tonalidad-de-color-84-ca","12":"pa_tonalidad-de-color-98-ca","14":"first","15":"instock","16":"purchasable","17":"product-type-variable"},"acf":[],"_links":{"self":[{"href":"https:\/\/suittoeyewear.com\/ca\/wp-json\/wp\/v2\/product\/28799","targetHints":{"allow":["GET"]}}],"collection":[{"href":"https:\/\/suittoeyewear.com\/ca\/wp-json\/wp\/v2\/product"}],"about":[{"href":"https:\/\/suittoeyewear.com\/ca\/wp-json\/wp\/v2\/types\/product"}],"wp:featuredmedia":[{"embeddable":true,"href":"https:\/\/suittoeyewear.com\/ca\/wp-json\/wp\/v2\/media\/23370"}],"wp:attachment":[{"href":"https:\/\/suittoeyewear.com\/ca\/wp-json\/wp\/v2\/media?parent=28799"}],"wp:term":[{"taxonomy":"product_brand","embeddable":true,"href":"https:\/\/suittoeyewear.com\/ca\/wp-json\/wp\/v2\/product_brand?post=28799"},{"taxonomy":"product_cat","embeddable":true,"href":"https:\/\/suittoeyewear.com\/ca\/wp-json\/wp\/v2\/product_cat?post=28799"},{"taxonomy":"product_tag","embeddable":true,"href":"https:\/\/suittoeyewear.com\/ca\/wp-json\/wp\/v2\/product_tag?post=28799"}],"curies":[{"name":"wp","href":"https:\/\/api.w.org\/{rel}","templated":true}]}}