{"id":28828,"date":"2025-05-11T01:06:27","date_gmt":"2025-05-10T23:06:27","guid":{"rendered":"https:\/\/suittoeyewear.com\/modelo\/fraisier\/"},"modified":"2025-05-24T11:43:25","modified_gmt":"2025-05-24T09:43:25","slug":"fraisier","status":"publish","type":"product","link":"https:\/\/suittoeyewear.com\/ca\/model\/fraisier\/","title":{"rendered":"FRAISIER"},"content":{"rendered":"<p>El Fraisier, nascut per celebrar la frescor de la maduixa francesa, \u00e9s un past\u00eds que reflecteix la perfecci\u00f3 a cada capa. Amb una crema mousseline delicada i fruita disposada amb precisi\u00f3, aquest past\u00eds es converteix en un s\u00edmbol de refinament. El seu disseny visualment prec\u00eds reflecteix un equilibri perfecte entre all\u00f2 sensual i all\u00f2 estructurat, una obra d&#8217;art comestible.  <\/p>\n","protected":false},"excerpt":{"rendered":"<p>El Fraisier, nascut per celebrar la frescor de la maduixa francesa, \u00e9s un past\u00eds que reflecteix la perfecci\u00f3 a cada capa. Amb una crema mousseline delicada i fruita disposada amb precisi\u00f3, aquest past\u00eds es converteix en un s\u00edmbol de refinament. El seu disseny visualment prec\u00eds reflecteix un equilibri perfecte entre all\u00f2 sensual i all\u00f2 estructurat, [&hellip;]<\/p>\n","protected":false},"featured_media":22130,"template":"","meta":{"_acf_changed":false},"product_brand":[],"product_cat":[388,389],"product_tag":[340,341],"class_list":{"0":"post-28828","1":"product","2":"type-product","3":"status-publish","4":"has-post-thumbnail","6":"product_cat-sybarite-ca","7":"product_cat-sybarite-dona","8":"product_tag-novetat","9":"product_tag-vista-ca-2","10":"pa_tonalidad-de-color-89-ca","11":"pa_tonalidad-de-color-95-ca","12":"pa_tonalidad-de-color-96-ca","13":"pa_tonalidad-de-color-01-ca","15":"first","16":"instock","17":"purchasable","18":"product-type-variable"},"acf":[],"_links":{"self":[{"href":"https:\/\/suittoeyewear.com\/ca\/wp-json\/wp\/v2\/product\/28828","targetHints":{"allow":["GET"]}}],"collection":[{"href":"https:\/\/suittoeyewear.com\/ca\/wp-json\/wp\/v2\/product"}],"about":[{"href":"https:\/\/suittoeyewear.com\/ca\/wp-json\/wp\/v2\/types\/product"}],"wp:featuredmedia":[{"embeddable":true,"href":"https:\/\/suittoeyewear.com\/ca\/wp-json\/wp\/v2\/media\/22130"}],"wp:attachment":[{"href":"https:\/\/suittoeyewear.com\/ca\/wp-json\/wp\/v2\/media?parent=28828"}],"wp:term":[{"taxonomy":"product_brand","embeddable":true,"href":"https:\/\/suittoeyewear.com\/ca\/wp-json\/wp\/v2\/product_brand?post=28828"},{"taxonomy":"product_cat","embeddable":true,"href":"https:\/\/suittoeyewear.com\/ca\/wp-json\/wp\/v2\/product_cat?post=28828"},{"taxonomy":"product_tag","embeddable":true,"href":"https:\/\/suittoeyewear.com\/ca\/wp-json\/wp\/v2\/product_tag?post=28828"}],"curies":[{"name":"wp","href":"https:\/\/api.w.org\/{rel}","templated":true}]}}