{"id":28839,"date":"2025-05-11T01:07:25","date_gmt":"2025-05-10T23:07:25","guid":{"rendered":"https:\/\/suittoeyewear.com\/modelo\/ger\/"},"modified":"2025-05-24T11:36:36","modified_gmt":"2025-05-24T09:36:36","slug":"ger","status":"publish","type":"product","link":"https:\/\/suittoeyewear.com\/ca\/model\/ger\/","title":{"rendered":"GER"},"content":{"rendered":"<p>Marie-Sophie Germain (Paris 1776-1831) va ser una matem\u00e0tica autodidacta, que va fer importants contribucions a la teoria de nombres ia la teoria de l&#8217;elasticitat. Un dels seus treballs m\u00e9s importants va ser el Teorema de Germain, va constituir un pas important per demostrar el darrer teorema de Fermat. En ser dona, no va poder desenvolupar una carrera matem\u00e0tica a cap instituci\u00f3 acad\u00e8mica, per aquest motiu va treballar independentment al llarg de la seva vida. Autografiava les seves investigacions i estudis com a &#8220;M. Leblanc&#8221; per ocultar la seva identitat.   <\/p>\n","protected":false},"excerpt":{"rendered":"<p>Marie-Sophie Germain (Paris 1776-1831) va ser una matem\u00e0tica autodidacta, que va fer importants contribucions a la teoria de nombres ia la teoria de l&#8217;elasticitat. Un dels seus treballs m\u00e9s importants va ser el Teorema de Germain, va constituir un pas important per demostrar el darrer teorema de Fermat. En ser dona, no va poder desenvolupar [&hellip;]<\/p>\n","protected":false},"featured_media":23402,"template":"","meta":{"_acf_changed":false},"product_brand":[],"product_cat":[339,338],"product_tag":[341],"class_list":{"0":"post-28839","1":"product","2":"type-product","3":"status-publish","4":"has-post-thumbnail","6":"product_cat-tested-on-faces-ca","7":"product_cat-tested-on-faces-dona","8":"product_tag-vista-ca-2","9":"pa_tonalidad-de-color-42-ca","10":"pa_tonalidad-de-color-27-ca","11":"pa_tonalidad-de-color-64-ca","12":"pa_tonalidad-de-color-65-ca","14":"first","15":"instock","16":"purchasable","17":"product-type-variable"},"acf":[],"_links":{"self":[{"href":"https:\/\/suittoeyewear.com\/ca\/wp-json\/wp\/v2\/product\/28839","targetHints":{"allow":["GET"]}}],"collection":[{"href":"https:\/\/suittoeyewear.com\/ca\/wp-json\/wp\/v2\/product"}],"about":[{"href":"https:\/\/suittoeyewear.com\/ca\/wp-json\/wp\/v2\/types\/product"}],"wp:featuredmedia":[{"embeddable":true,"href":"https:\/\/suittoeyewear.com\/ca\/wp-json\/wp\/v2\/media\/23402"}],"wp:attachment":[{"href":"https:\/\/suittoeyewear.com\/ca\/wp-json\/wp\/v2\/media?parent=28839"}],"wp:term":[{"taxonomy":"product_brand","embeddable":true,"href":"https:\/\/suittoeyewear.com\/ca\/wp-json\/wp\/v2\/product_brand?post=28839"},{"taxonomy":"product_cat","embeddable":true,"href":"https:\/\/suittoeyewear.com\/ca\/wp-json\/wp\/v2\/product_cat?post=28839"},{"taxonomy":"product_tag","embeddable":true,"href":"https:\/\/suittoeyewear.com\/ca\/wp-json\/wp\/v2\/product_tag?post=28839"}],"curies":[{"name":"wp","href":"https:\/\/api.w.org\/{rel}","templated":true}]}}