{"id":28915,"date":"2025-05-11T01:08:57","date_gmt":"2025-05-10T23:08:57","guid":{"rendered":"https:\/\/suittoeyewear.com\/modelo\/gra\/"},"modified":"2025-05-24T11:23:40","modified_gmt":"2025-05-24T09:23:40","slug":"gra","status":"publish","type":"product","link":"https:\/\/suittoeyewear.com\/ca\/model\/gra\/","title":{"rendered":"GRA"},"content":{"rendered":"<p>Granville T. Woods (Columbus 1856, New York 1910) va ser enginyer el\u00e8ctric i mec\u00e0nic, va inventar una gran varietat de dispositius relacionats amb la ind\u00fastria ferrovi\u00e0ria. El 1887, va patentar el Tel\u00e8graf Ferroviari M\u00faltiple Sincr\u00f2nic, fent possible que els trens es comuniquessin amb l&#8217;estaci\u00f3 i amb altres trens perqu\u00e8 sabessin exactament on eren en tot moment. Moltes de les seves invencions van ser venudes a General Electric, Westinghouse i Bell Telephone.  <\/p>\n","protected":false},"excerpt":{"rendered":"<p>Granville T. Woods (Columbus 1856, New York 1910) va ser enginyer el\u00e8ctric i mec\u00e0nic, va inventar una gran varietat de dispositius relacionats amb la ind\u00fastria ferrovi\u00e0ria. El 1887, va patentar el Tel\u00e8graf Ferroviari M\u00faltiple Sincr\u00f2nic, fent possible que els trens es comuniquessin amb l&#8217;estaci\u00f3 i amb altres trens perqu\u00e8 sabessin exactament on eren en tot [&hellip;]<\/p>\n","protected":false},"featured_media":23482,"template":"","meta":{"_acf_changed":false},"product_brand":[],"product_cat":[339,336],"product_tag":[341],"class_list":{"0":"post-28915","1":"product","2":"type-product","3":"status-publish","4":"has-post-thumbnail","6":"product_cat-tested-on-faces-ca","7":"product_cat-tested-on-faces-home","8":"product_tag-vista-ca-2","9":"pa_tonalidad-de-color-40-ca","10":"pa_tonalidad-de-color-11r-ca","11":"pa_tonalidad-de-color-23-ca","12":"pa_tonalidad-de-color-67-ca","14":"first","15":"instock","16":"purchasable","17":"product-type-variable"},"acf":[],"_links":{"self":[{"href":"https:\/\/suittoeyewear.com\/ca\/wp-json\/wp\/v2\/product\/28915","targetHints":{"allow":["GET"]}}],"collection":[{"href":"https:\/\/suittoeyewear.com\/ca\/wp-json\/wp\/v2\/product"}],"about":[{"href":"https:\/\/suittoeyewear.com\/ca\/wp-json\/wp\/v2\/types\/product"}],"wp:featuredmedia":[{"embeddable":true,"href":"https:\/\/suittoeyewear.com\/ca\/wp-json\/wp\/v2\/media\/23482"}],"wp:attachment":[{"href":"https:\/\/suittoeyewear.com\/ca\/wp-json\/wp\/v2\/media?parent=28915"}],"wp:term":[{"taxonomy":"product_brand","embeddable":true,"href":"https:\/\/suittoeyewear.com\/ca\/wp-json\/wp\/v2\/product_brand?post=28915"},{"taxonomy":"product_cat","embeddable":true,"href":"https:\/\/suittoeyewear.com\/ca\/wp-json\/wp\/v2\/product_cat?post=28915"},{"taxonomy":"product_tag","embeddable":true,"href":"https:\/\/suittoeyewear.com\/ca\/wp-json\/wp\/v2\/product_tag?post=28915"}],"curies":[{"name":"wp","href":"https:\/\/api.w.org\/{rel}","templated":true}]}}