{"id":28923,"date":"2025-05-11T01:08:24","date_gmt":"2025-05-10T23:08:24","guid":{"rendered":"https:\/\/suittoeyewear.com\/modelo\/gimblette\/"},"modified":"2025-05-24T11:27:47","modified_gmt":"2025-05-24T09:27:47","slug":"gimblette","status":"publish","type":"product","link":"https:\/\/suittoeyewear.com\/ca\/model\/gimblette\/","title":{"rendered":"GIMBLETTE"},"content":{"rendered":"<p>La Gimblette, amb la forma circular perfecta, \u00e9s un past\u00eds que destaca per la seva simplicitat i eleg\u00e0ncia. El disseny subtil d&#8217;aquest past\u00eds, amb la capa suau i la vora lleugerament daurada, crea un contrast de textures que el fa irresistible. La combinaci\u00f3 de sabors suaus i afruitats es presenta en una estructura que ressalta la perfecci\u00f3 en la simplicitat. Cada mos de la Gimblette \u00e9s un homenatge a la delicadesa de la cuina francesa, una obra que reflecteix el luxe del b\u00e9 fet.   <\/p>\n","protected":false},"excerpt":{"rendered":"<p>La Gimblette, amb la forma circular perfecta, \u00e9s un past\u00eds que destaca per la seva simplicitat i eleg\u00e0ncia. El disseny subtil d&#8217;aquest past\u00eds, amb la capa suau i la vora lleugerament daurada, crea un contrast de textures que el fa irresistible. La combinaci\u00f3 de sabors suaus i afruitats es presenta en una estructura que ressalta [&hellip;]<\/p>\n","protected":false},"featured_media":22202,"template":"","meta":{"_acf_changed":false},"product_brand":[],"product_cat":[388,389],"product_tag":[341],"class_list":{"0":"post-28923","1":"product","2":"type-product","3":"status-publish","4":"has-post-thumbnail","6":"product_cat-sybarite-ca","7":"product_cat-sybarite-dona","8":"product_tag-vista-ca-2","9":"pa_tonalidad-de-color-77-ca","10":"pa_tonalidad-de-color-87-ca","11":"pa_tonalidad-de-color-23-ca","12":"pa_tonalidad-de-color-57r-ca","14":"first","15":"instock","16":"purchasable","17":"product-type-variable"},"acf":[],"_links":{"self":[{"href":"https:\/\/suittoeyewear.com\/ca\/wp-json\/wp\/v2\/product\/28923","targetHints":{"allow":["GET"]}}],"collection":[{"href":"https:\/\/suittoeyewear.com\/ca\/wp-json\/wp\/v2\/product"}],"about":[{"href":"https:\/\/suittoeyewear.com\/ca\/wp-json\/wp\/v2\/types\/product"}],"wp:featuredmedia":[{"embeddable":true,"href":"https:\/\/suittoeyewear.com\/ca\/wp-json\/wp\/v2\/media\/22202"}],"wp:attachment":[{"href":"https:\/\/suittoeyewear.com\/ca\/wp-json\/wp\/v2\/media?parent=28923"}],"wp:term":[{"taxonomy":"product_brand","embeddable":true,"href":"https:\/\/suittoeyewear.com\/ca\/wp-json\/wp\/v2\/product_brand?post=28923"},{"taxonomy":"product_cat","embeddable":true,"href":"https:\/\/suittoeyewear.com\/ca\/wp-json\/wp\/v2\/product_cat?post=28923"},{"taxonomy":"product_tag","embeddable":true,"href":"https:\/\/suittoeyewear.com\/ca\/wp-json\/wp\/v2\/product_tag?post=28923"}],"curies":[{"name":"wp","href":"https:\/\/api.w.org\/{rel}","templated":true}]}}