{"id":28943,"date":"2025-05-11T01:10:50","date_gmt":"2025-05-10T23:10:50","guid":{"rendered":"https:\/\/suittoeyewear.com\/modelo\/hou\/"},"modified":"2025-05-24T10:50:16","modified_gmt":"2025-05-24T08:50:16","slug":"hou","status":"publish","type":"product","link":"https:\/\/suittoeyewear.com\/ca\/model\/hou\/","title":{"rendered":"HOU"},"content":{"rendered":"<p>Al llibre Hou Hanshu de l&#8217;historiador xin\u00e8s Fan Ye, on descriu la hist\u00f2ria de la Dinastia Han entre els anys 25 i el 220 dC, hi ha el primer registre hist\u00f2ric d&#8217;una supernova, la SN 185 observada el 7 de desembre de 185 situada a prop d&#8217;Alfa Centauri entre les constel\u00b7lacions de Circinus i Centau.<\/p>\n","protected":false},"excerpt":{"rendered":"<p>Al llibre Hou Hanshu de l&#8217;historiador xin\u00e8s Fan Ye, on descriu la hist\u00f2ria de la Dinastia Han entre els anys 25 i el 220 dC, hi ha el primer registre hist\u00f2ric d&#8217;una supernova, la SN 185 observada el 7 de desembre de 185 situada a prop d&#8217;Alfa Centauri entre les constel\u00b7lacions de Circinus i Centau.<\/p>\n","protected":false},"featured_media":22658,"template":"","meta":{"_acf_changed":false},"product_brand":[],"product_cat":[428,460],"product_tag":[390],"class_list":{"0":"post-28943","1":"product","2":"type-product","3":"status-publish","4":"has-post-thumbnail","6":"product_cat-supernova-ca","7":"product_cat-supernova-home","8":"product_tag-sol-ca-2","9":"pa_tonalidad-de-color-01-ca","10":"pa_tonalidad-de-color-14-ca","11":"pa_tonalidad-de-color-54-ca","12":"pa_tonalidad-de-color-67-ca","14":"first","15":"instock","16":"purchasable","17":"product-type-variable"},"acf":[],"_links":{"self":[{"href":"https:\/\/suittoeyewear.com\/ca\/wp-json\/wp\/v2\/product\/28943","targetHints":{"allow":["GET"]}}],"collection":[{"href":"https:\/\/suittoeyewear.com\/ca\/wp-json\/wp\/v2\/product"}],"about":[{"href":"https:\/\/suittoeyewear.com\/ca\/wp-json\/wp\/v2\/types\/product"}],"wp:featuredmedia":[{"embeddable":true,"href":"https:\/\/suittoeyewear.com\/ca\/wp-json\/wp\/v2\/media\/22658"}],"wp:attachment":[{"href":"https:\/\/suittoeyewear.com\/ca\/wp-json\/wp\/v2\/media?parent=28943"}],"wp:term":[{"taxonomy":"product_brand","embeddable":true,"href":"https:\/\/suittoeyewear.com\/ca\/wp-json\/wp\/v2\/product_brand?post=28943"},{"taxonomy":"product_cat","embeddable":true,"href":"https:\/\/suittoeyewear.com\/ca\/wp-json\/wp\/v2\/product_cat?post=28943"},{"taxonomy":"product_tag","embeddable":true,"href":"https:\/\/suittoeyewear.com\/ca\/wp-json\/wp\/v2\/product_tag?post=28943"}],"curies":[{"name":"wp","href":"https:\/\/api.w.org\/{rel}","templated":true}]}}