{"id":28958,"date":"2025-05-11T01:10:18","date_gmt":"2025-05-10T23:10:18","guid":{"rendered":"https:\/\/suittoeyewear.com\/modelo\/her\/"},"modified":"2025-05-24T10:53:22","modified_gmt":"2025-05-24T08:53:22","slug":"her","status":"publish","type":"product","link":"https:\/\/suittoeyewear.com\/ca\/model\/her\/","title":{"rendered":"HER"},"content":{"rendered":"<p>Hertha Ayrton (Portsea, 1854 \u2013 Bexhill-on-sea 1923), va ser enginyera, matem\u00e0tica, f\u00edsica i inventora brit\u00e0nica. Va ser guardonada amb la Medalla Hughes de la Royal Society pels estudis de l&#8217;arc el\u00e8ctric i la formaci\u00f3 d&#8217;ones de les dunes i les onades del mar. El Consell de la Royal Society va desestimar la seva sol\u00b7licitud com a s\u00f2cia per ser dona casada. Tot i aix\u00ed, el 1904, es va convertir en la primera dona a llegir una pon\u00e8ncia davant la Royal Society.   <\/p>\n","protected":false},"excerpt":{"rendered":"<p>Hertha Ayrton (Portsea, 1854 \u2013 Bexhill-on-sea 1923), va ser enginyera, matem\u00e0tica, f\u00edsica i inventora brit\u00e0nica. Va ser guardonada amb la Medalla Hughes de la Royal Society pels estudis de l&#8217;arc el\u00e8ctric i la formaci\u00f3 d&#8217;ones de les dunes i les onades del mar. El Consell de la Royal Society va desestimar la seva sol\u00b7licitud com [&hellip;]<\/p>\n","protected":false},"featured_media":23530,"template":"","meta":{"_acf_changed":false},"product_brand":[],"product_cat":[339,338],"product_tag":[341],"class_list":{"0":"post-28958","1":"product","2":"type-product","3":"status-publish","4":"has-post-thumbnail","6":"product_cat-tested-on-faces-ca","7":"product_cat-tested-on-faces-dona","8":"product_tag-vista-ca-2","9":"pa_tonalidad-de-color-37-ca","10":"pa_tonalidad-de-color-45-ca","11":"pa_tonalidad-de-color-01-ca","12":"pa_tonalidad-de-color-44-ca","14":"first","15":"instock","16":"purchasable","17":"product-type-variable"},"acf":[],"_links":{"self":[{"href":"https:\/\/suittoeyewear.com\/ca\/wp-json\/wp\/v2\/product\/28958","targetHints":{"allow":["GET"]}}],"collection":[{"href":"https:\/\/suittoeyewear.com\/ca\/wp-json\/wp\/v2\/product"}],"about":[{"href":"https:\/\/suittoeyewear.com\/ca\/wp-json\/wp\/v2\/types\/product"}],"wp:featuredmedia":[{"embeddable":true,"href":"https:\/\/suittoeyewear.com\/ca\/wp-json\/wp\/v2\/media\/23530"}],"wp:attachment":[{"href":"https:\/\/suittoeyewear.com\/ca\/wp-json\/wp\/v2\/media?parent=28958"}],"wp:term":[{"taxonomy":"product_brand","embeddable":true,"href":"https:\/\/suittoeyewear.com\/ca\/wp-json\/wp\/v2\/product_brand?post=28958"},{"taxonomy":"product_cat","embeddable":true,"href":"https:\/\/suittoeyewear.com\/ca\/wp-json\/wp\/v2\/product_cat?post=28958"},{"taxonomy":"product_tag","embeddable":true,"href":"https:\/\/suittoeyewear.com\/ca\/wp-json\/wp\/v2\/product_tag?post=28958"}],"curies":[{"name":"wp","href":"https:\/\/api.w.org\/{rel}","templated":true}]}}