{"id":29033,"date":"2025-05-11T01:18:07","date_gmt":"2025-05-10T23:18:07","guid":{"rendered":"https:\/\/suittoeyewear.com\/modelo\/oti\/"},"modified":"2025-05-25T09:44:52","modified_gmt":"2025-05-25T07:44:52","slug":"oti","status":"publish","type":"product","link":"https:\/\/suittoeyewear.com\/ca\/model\/oti\/","title":{"rendered":"OTI"},"content":{"rendered":"<p>Otis Frank Boykin (Dallas, 1920 \u2013 Chicago, 1982) Inventor i enginyer afroameric\u00e0 que va patentar 26 dispositius electr\u00f2nics. El seu pare era fuster i m\u00e9s tard es va convertir en predicador. La seva mare era criada i va morir per una insufici\u00e8ncia card\u00edaca quan Ell nom\u00e9s tenia un any. Aquest fet ho va inspirar per intentar millorar els marcapassos. El seu invent m\u00e9s fam\u00f3s va ser una unitat de control per al marcapassos card\u00edac artificial. El dispositiu utilitzava impulsos el\u00e8ctrics per mantenir un ritme card\u00edac regular. Entre els altres invents hi ha una caixa registradora a prova de robatori, dispositius de control electr\u00f2nic per a m\u00edssils guiats i ordinadors IBM. Va morir a Chicago igual que la seva mare, per una insufici\u00e8ncia card\u00edaca.       <\/p>\n","protected":false},"excerpt":{"rendered":"<p>Otis Frank Boykin (Dallas, 1920 \u2013 Chicago, 1982) Inventor i enginyer afroameric\u00e0 que va patentar 26 dispositius electr\u00f2nics. El seu pare era fuster i m\u00e9s tard es va convertir en predicador. La seva mare era criada i va morir per una insufici\u00e8ncia card\u00edaca quan Ell nom\u00e9s tenia un any. Aquest fet ho va inspirar per [&hellip;]<\/p>\n","protected":false},"featured_media":23738,"template":"","meta":{"_acf_changed":false},"product_brand":[],"product_cat":[339,336],"product_tag":[341],"class_list":{"0":"post-29033","1":"product","2":"type-product","3":"status-publish","4":"has-post-thumbnail","6":"product_cat-tested-on-faces-ca","7":"product_cat-tested-on-faces-home","8":"product_tag-vista-ca-2","9":"pa_tonalidad-de-color-89-ca","10":"pa_tonalidad-de-color-01-ca","11":"pa_tonalidad-de-color-23-ca","12":"pa_tonalidad-de-color-86-ca","14":"first","15":"instock","16":"purchasable","17":"product-type-variable"},"acf":[],"_links":{"self":[{"href":"https:\/\/suittoeyewear.com\/ca\/wp-json\/wp\/v2\/product\/29033","targetHints":{"allow":["GET"]}}],"collection":[{"href":"https:\/\/suittoeyewear.com\/ca\/wp-json\/wp\/v2\/product"}],"about":[{"href":"https:\/\/suittoeyewear.com\/ca\/wp-json\/wp\/v2\/types\/product"}],"wp:featuredmedia":[{"embeddable":true,"href":"https:\/\/suittoeyewear.com\/ca\/wp-json\/wp\/v2\/media\/23738"}],"wp:attachment":[{"href":"https:\/\/suittoeyewear.com\/ca\/wp-json\/wp\/v2\/media?parent=29033"}],"wp:term":[{"taxonomy":"product_brand","embeddable":true,"href":"https:\/\/suittoeyewear.com\/ca\/wp-json\/wp\/v2\/product_brand?post=29033"},{"taxonomy":"product_cat","embeddable":true,"href":"https:\/\/suittoeyewear.com\/ca\/wp-json\/wp\/v2\/product_cat?post=29033"},{"taxonomy":"product_tag","embeddable":true,"href":"https:\/\/suittoeyewear.com\/ca\/wp-json\/wp\/v2\/product_tag?post=29033"}],"curies":[{"name":"wp","href":"https:\/\/api.w.org\/{rel}","templated":true}]}}