{"id":29058,"date":"2025-05-11T00:58:30","date_gmt":"2025-05-10T22:58:30","guid":{"rendered":"https:\/\/suittoeyewear.com\/modelo\/cassata\/"},"modified":"2025-05-24T12:43:51","modified_gmt":"2025-05-24T10:43:51","slug":"cassata","status":"publish","type":"product","link":"https:\/\/suittoeyewear.com\/ca\/model\/cassata\/","title":{"rendered":"CASSATA"},"content":{"rendered":"<p>D&#8217;arrels sicilianes i \u00e0nima multicultural, la Cassata \u00e9s una joia de la rebosteria barroca. Nascuda de la fusi\u00f3 entre la cuina \u00e0rab, normanda i espanyola, aquest past\u00eds es compon de pa de pessic xop en licor, farcit de ricotta ensucrada, fruita confitada i glacejat real. La seva est\u00e8tica colorida i sim\u00e8trica no \u00e9s casual: reflecteix segles d?hist\u00f2ria i mestissatge. \u00c9s un past\u00eds que, com el millor disseny, no nom\u00e9s s&#8217;assaboreix, sin\u00f3 que s&#8217;hi contempla.   <\/p>\n","protected":false},"excerpt":{"rendered":"<p>D&#8217;arrels sicilianes i \u00e0nima multicultural, la Cassata \u00e9s una joia de la rebosteria barroca. Nascuda de la fusi\u00f3 entre la cuina \u00e0rab, normanda i espanyola, aquest past\u00eds es compon de pa de pessic xop en licor, farcit de ricotta ensucrada, fruita confitada i glacejat real. La seva est\u00e8tica colorida i sim\u00e8trica no \u00e9s casual: reflecteix [&hellip;]<\/p>\n","protected":false},"featured_media":21826,"template":"","meta":{"_acf_changed":false},"product_brand":[],"product_cat":[388,389],"product_tag":[341],"class_list":{"0":"post-29058","1":"product","2":"type-product","3":"status-publish","4":"has-post-thumbnail","6":"product_cat-sybarite-ca","7":"product_cat-sybarite-dona","8":"product_tag-vista-ca-2","9":"pa_tonalidad-de-color-77-ca","10":"pa_tonalidad-de-color-96-ca","11":"pa_tonalidad-de-color-01-ca","12":"pa_tonalidad-de-color-23-ca","14":"first","15":"instock","16":"purchasable","17":"product-type-variable"},"acf":[],"_links":{"self":[{"href":"https:\/\/suittoeyewear.com\/ca\/wp-json\/wp\/v2\/product\/29058","targetHints":{"allow":["GET"]}}],"collection":[{"href":"https:\/\/suittoeyewear.com\/ca\/wp-json\/wp\/v2\/product"}],"about":[{"href":"https:\/\/suittoeyewear.com\/ca\/wp-json\/wp\/v2\/types\/product"}],"wp:featuredmedia":[{"embeddable":true,"href":"https:\/\/suittoeyewear.com\/ca\/wp-json\/wp\/v2\/media\/21826"}],"wp:attachment":[{"href":"https:\/\/suittoeyewear.com\/ca\/wp-json\/wp\/v2\/media?parent=29058"}],"wp:term":[{"taxonomy":"product_brand","embeddable":true,"href":"https:\/\/suittoeyewear.com\/ca\/wp-json\/wp\/v2\/product_brand?post=29058"},{"taxonomy":"product_cat","embeddable":true,"href":"https:\/\/suittoeyewear.com\/ca\/wp-json\/wp\/v2\/product_cat?post=29058"},{"taxonomy":"product_tag","embeddable":true,"href":"https:\/\/suittoeyewear.com\/ca\/wp-json\/wp\/v2\/product_tag?post=29058"}],"curies":[{"name":"wp","href":"https:\/\/api.w.org\/{rel}","templated":true}]}}