{"id":29070,"date":"2025-05-11T00:57:55","date_gmt":"2025-05-10T22:57:55","guid":{"rendered":"https:\/\/suittoeyewear.com\/modelo\/cas\/"},"modified":"2025-05-24T12:49:47","modified_gmt":"2025-05-24T10:49:47","slug":"cas","status":"publish","type":"product","link":"https:\/\/suittoeyewear.com\/ca\/model\/cas\/","title":{"rendered":"CAS"},"content":{"rendered":"<p>Astr\u00f2noms japonesos i xinesos van registrar en vuit escrits diferents l&#8217;aparici\u00f3 de la supernova SN 1181 entre el 4 i el 6 d&#8217;agost de 1181. \u00c9s una de les vuit supernoves pertanyents a la Via L\u00e0ctia observables a simple vista, que va apar\u00e8ixer a la constel\u00b7laci\u00f3 de Casiopea i que va ser visible a l&#8217;estiu. <\/p>\n","protected":false},"excerpt":{"rendered":"<p>Astr\u00f2noms japonesos i xinesos van registrar en vuit escrits diferents l&#8217;aparici\u00f3 de la supernova SN 1181 entre el 4 i el 6 d&#8217;agost de 1181. \u00c9s una de les vuit supernoves pertanyents a la Via L\u00e0ctia observables a simple vista, que va apar\u00e8ixer a la constel\u00b7laci\u00f3 de Casiopea i que va ser visible a l&#8217;estiu.<\/p>\n","protected":false},"featured_media":22650,"template":"","meta":{"_acf_changed":false},"product_brand":[],"product_cat":[428,427],"product_tag":[390],"class_list":{"0":"post-29070","1":"product","2":"type-product","3":"status-publish","4":"has-post-thumbnail","6":"product_cat-supernova-ca","7":"product_cat-supernova-dona","8":"product_tag-sol-ca-2","9":"pa_tonalidad-de-color-01-ca","10":"pa_tonalidad-de-color-23-ca","11":"pa_tonalidad-de-color-50-ca","12":"pa_tonalidad-de-color-53-ca","14":"first","15":"instock","16":"purchasable","17":"product-type-variable"},"acf":[],"_links":{"self":[{"href":"https:\/\/suittoeyewear.com\/ca\/wp-json\/wp\/v2\/product\/29070","targetHints":{"allow":["GET"]}}],"collection":[{"href":"https:\/\/suittoeyewear.com\/ca\/wp-json\/wp\/v2\/product"}],"about":[{"href":"https:\/\/suittoeyewear.com\/ca\/wp-json\/wp\/v2\/types\/product"}],"wp:featuredmedia":[{"embeddable":true,"href":"https:\/\/suittoeyewear.com\/ca\/wp-json\/wp\/v2\/media\/22650"}],"wp:attachment":[{"href":"https:\/\/suittoeyewear.com\/ca\/wp-json\/wp\/v2\/media?parent=29070"}],"wp:term":[{"taxonomy":"product_brand","embeddable":true,"href":"https:\/\/suittoeyewear.com\/ca\/wp-json\/wp\/v2\/product_brand?post=29070"},{"taxonomy":"product_cat","embeddable":true,"href":"https:\/\/suittoeyewear.com\/ca\/wp-json\/wp\/v2\/product_cat?post=29070"},{"taxonomy":"product_tag","embeddable":true,"href":"https:\/\/suittoeyewear.com\/ca\/wp-json\/wp\/v2\/product_tag?post=29070"}],"curies":[{"name":"wp","href":"https:\/\/api.w.org\/{rel}","templated":true}]}}