{"id":29076,"date":"2025-05-11T00:59:30","date_gmt":"2025-05-10T22:59:30","guid":{"rendered":"https:\/\/suittoeyewear.com\/modelo\/charlotte\/"},"modified":"2025-05-24T12:36:50","modified_gmt":"2025-05-24T10:36:50","slug":"charlotte","status":"publish","type":"product","link":"https:\/\/suittoeyewear.com\/ca\/model\/charlotte\/","title":{"rendered":"CHARLOTTE"},"content":{"rendered":"<p>La Charlotte, nascuda al segle XIX en honor a la reina Charlotte d \u201cAnglaterra, \u00e9s un past\u00eds que uneix estructura i suavitat. Amb una corona de bescuits de soletilla i un cor crem\u00f3s \u2014ja sigui de fruites, mousse o bavaroise, evoca una construcci\u00f3 precisa, gaireb\u00e9 arquitect\u00f2nica, que envolta i protegeix all\u00f2 essencial. El seu disseny \u00e9s una celebraci\u00f3 d\u201d all\u00f2 cl\u00e0ssic i femen\u00ed, un equilibri entre forma envolupant i dol\u00e7or refinada.  <\/p>\n","protected":false},"excerpt":{"rendered":"<p>La Charlotte, nascuda al segle XIX en honor a la reina Charlotte d \u201cAnglaterra, \u00e9s un past\u00eds que uneix estructura i suavitat. Amb una corona de bescuits de soletilla i un cor crem\u00f3s \u2014ja sigui de fruites, mousse o bavaroise, evoca una construcci\u00f3 precisa, gaireb\u00e9 arquitect\u00f2nica, que envolta i protegeix all\u00f2 essencial. El seu disseny [&hellip;]<\/p>\n","protected":false},"featured_media":21882,"template":"","meta":{"_acf_changed":false},"product_brand":[],"product_cat":[388,389],"product_tag":[341],"class_list":{"0":"post-29076","1":"product","2":"type-product","3":"status-publish","4":"has-post-thumbnail","6":"product_cat-sybarite-ca","7":"product_cat-sybarite-dona","8":"product_tag-vista-ca-2","9":"pa_tonalidad-de-color-76-ca","10":"pa_tonalidad-de-color-01-ca","11":"pa_tonalidad-de-color-23-ca","12":"pa_tonalidad-de-color-57r-ca","14":"first","15":"instock","16":"purchasable","17":"product-type-variable"},"acf":[],"_links":{"self":[{"href":"https:\/\/suittoeyewear.com\/ca\/wp-json\/wp\/v2\/product\/29076","targetHints":{"allow":["GET"]}}],"collection":[{"href":"https:\/\/suittoeyewear.com\/ca\/wp-json\/wp\/v2\/product"}],"about":[{"href":"https:\/\/suittoeyewear.com\/ca\/wp-json\/wp\/v2\/types\/product"}],"wp:featuredmedia":[{"embeddable":true,"href":"https:\/\/suittoeyewear.com\/ca\/wp-json\/wp\/v2\/media\/21882"}],"wp:attachment":[{"href":"https:\/\/suittoeyewear.com\/ca\/wp-json\/wp\/v2\/media?parent=29076"}],"wp:term":[{"taxonomy":"product_brand","embeddable":true,"href":"https:\/\/suittoeyewear.com\/ca\/wp-json\/wp\/v2\/product_brand?post=29076"},{"taxonomy":"product_cat","embeddable":true,"href":"https:\/\/suittoeyewear.com\/ca\/wp-json\/wp\/v2\/product_cat?post=29076"},{"taxonomy":"product_tag","embeddable":true,"href":"https:\/\/suittoeyewear.com\/ca\/wp-json\/wp\/v2\/product_tag?post=29076"}],"curies":[{"name":"wp","href":"https:\/\/api.w.org\/{rel}","templated":true}]}}