{"id":29083,"date":"2025-05-11T01:00:47","date_gmt":"2025-05-10T23:00:47","guid":{"rendered":"https:\/\/suittoeyewear.com\/modelo\/crespell\/"},"modified":"2025-05-26T12:49:00","modified_gmt":"2025-05-26T10:49:00","slug":"crespell","status":"publish","type":"product","link":"https:\/\/suittoeyewear.com\/ca\/model\/crespell\/","title":{"rendered":"CRESPELL"},"content":{"rendered":"<p>Originari de Mallorca i amb arrels sefardites, el Crespell \u00e9s un past\u00eds amb forma d \u201cestrella o flor, s\u00edmbol de protecci\u00f3 i dol\u00e7or. La seva hist\u00f2ria, associada a la Pasqua, es reflecteix en el disseny que combina suavitat i lleugeresa, amb una geometria que travessa generacions. Un dol\u00e7 que representa la bellesa del tradicional i l\u201d espiritual.<\/p>\n","protected":false},"excerpt":{"rendered":"<p>Originari de Mallorca i amb arrels sefardites, el Crespell \u00e9s un past\u00eds amb forma d \u201cestrella o flor, s\u00edmbol de protecci\u00f3 i dol\u00e7or. La seva hist\u00f2ria, associada a la Pasqua, es reflecteix en el disseny que combina suavitat i lleugeresa, amb una geometria que travessa generacions. Un dol\u00e7 que representa la bellesa del tradicional i [&hellip;]<\/p>\n","protected":false},"featured_media":21906,"template":"","meta":{"_acf_changed":false},"product_brand":[],"product_cat":[388,393],"product_tag":[340,341],"class_list":{"0":"post-29083","1":"product","2":"type-product","3":"status-publish","4":"has-post-thumbnail","6":"product_cat-sybarite-ca","7":"product_cat-sybarite-home","8":"product_tag-novetat","9":"product_tag-vista-ca-2","10":"pa_tonalidad-de-color-72-ca","11":"pa_tonalidad-de-color-74-ca","12":"pa_tonalidad-de-color-75-ca","13":"pa_tonalidad-de-color-01-ca","15":"first","16":"instock","17":"purchasable","18":"product-type-variable"},"acf":[],"_links":{"self":[{"href":"https:\/\/suittoeyewear.com\/ca\/wp-json\/wp\/v2\/product\/29083","targetHints":{"allow":["GET"]}}],"collection":[{"href":"https:\/\/suittoeyewear.com\/ca\/wp-json\/wp\/v2\/product"}],"about":[{"href":"https:\/\/suittoeyewear.com\/ca\/wp-json\/wp\/v2\/types\/product"}],"wp:featuredmedia":[{"embeddable":true,"href":"https:\/\/suittoeyewear.com\/ca\/wp-json\/wp\/v2\/media\/21906"}],"wp:attachment":[{"href":"https:\/\/suittoeyewear.com\/ca\/wp-json\/wp\/v2\/media?parent=29083"}],"wp:term":[{"taxonomy":"product_brand","embeddable":true,"href":"https:\/\/suittoeyewear.com\/ca\/wp-json\/wp\/v2\/product_brand?post=29083"},{"taxonomy":"product_cat","embeddable":true,"href":"https:\/\/suittoeyewear.com\/ca\/wp-json\/wp\/v2\/product_cat?post=29083"},{"taxonomy":"product_tag","embeddable":true,"href":"https:\/\/suittoeyewear.com\/ca\/wp-json\/wp\/v2\/product_tag?post=29083"}],"curies":[{"name":"wp","href":"https:\/\/api.w.org\/{rel}","templated":true}]}}