{"id":29100,"date":"2025-05-11T01:01:43","date_gmt":"2025-05-10T23:01:43","guid":{"rendered":"https:\/\/suittoeyewear.com\/modelo\/eclair\/"},"modified":"2025-05-24T12:21:03","modified_gmt":"2025-05-24T10:21:03","slug":"eclair","status":"publish","type":"product","link":"https:\/\/suittoeyewear.com\/ca\/model\/eclair\/","title":{"rendered":"ECLAIR"},"content":{"rendered":"<p>L \u201c\u00c9clair, creat al segle XIX, \u00e9s un past\u00eds allargat, farcit de crema i cobert amb un glacejat brillant. La seva forma aerodin\u00e0mica i el sabor elegant el converteixen en una obra mestra de la pastisseria. Amb un disseny net i un impacte visual i gustatiu memorable, l\u201d \u00c9clair \u00e9s una pe\u00e7a de t\u00e8cnica i estil, breu en la forma per\u00f2 inoblidable en el seu impacte.  <\/p>\n","protected":false},"excerpt":{"rendered":"<p>L \u201c\u00c9clair, creat al segle XIX, \u00e9s un past\u00eds allargat, farcit de crema i cobert amb un glacejat brillant. La seva forma aerodin\u00e0mica i el sabor elegant el converteixen en una obra mestra de la pastisseria. Amb un disseny net i un impacte visual i gustatiu memorable, l\u201d \u00c9clair \u00e9s una pe\u00e7a de t\u00e8cnica i [&hellip;]<\/p>\n","protected":false},"featured_media":21962,"template":"","meta":{"_acf_changed":false},"product_brand":[],"product_cat":[388,389],"product_tag":[341],"class_list":{"0":"post-29100","1":"product","2":"type-product","3":"status-publish","4":"has-post-thumbnail","6":"product_cat-sybarite-ca","7":"product_cat-sybarite-dona","8":"product_tag-vista-ca-2","9":"pa_tonalidad-de-color-01-ca","10":"pa_tonalidad-de-color-23-ca","11":"pa_tonalidad-de-color-57r-ca","12":"pa_tonalidad-de-color-61r-ca","14":"first","15":"instock","16":"purchasable","17":"product-type-variable"},"acf":[],"_links":{"self":[{"href":"https:\/\/suittoeyewear.com\/ca\/wp-json\/wp\/v2\/product\/29100","targetHints":{"allow":["GET"]}}],"collection":[{"href":"https:\/\/suittoeyewear.com\/ca\/wp-json\/wp\/v2\/product"}],"about":[{"href":"https:\/\/suittoeyewear.com\/ca\/wp-json\/wp\/v2\/types\/product"}],"wp:featuredmedia":[{"embeddable":true,"href":"https:\/\/suittoeyewear.com\/ca\/wp-json\/wp\/v2\/media\/21962"}],"wp:attachment":[{"href":"https:\/\/suittoeyewear.com\/ca\/wp-json\/wp\/v2\/media?parent=29100"}],"wp:term":[{"taxonomy":"product_brand","embeddable":true,"href":"https:\/\/suittoeyewear.com\/ca\/wp-json\/wp\/v2\/product_brand?post=29100"},{"taxonomy":"product_cat","embeddable":true,"href":"https:\/\/suittoeyewear.com\/ca\/wp-json\/wp\/v2\/product_cat?post=29100"},{"taxonomy":"product_tag","embeddable":true,"href":"https:\/\/suittoeyewear.com\/ca\/wp-json\/wp\/v2\/product_tag?post=29100"}],"curies":[{"name":"wp","href":"https:\/\/api.w.org\/{rel}","templated":true}]}}