{"id":29101,"date":"2025-05-11T01:00:07","date_gmt":"2025-05-10T23:00:07","guid":{"rendered":"https:\/\/suittoeyewear.com\/modelo\/coy\/"},"modified":"2025-05-24T12:32:15","modified_gmt":"2025-05-24T10:32:15","slug":"coy","status":"publish","type":"product","link":"https:\/\/suittoeyewear.com\/ca\/model\/coy\/","title":{"rendered":"COY"},"content":{"rendered":"<p>Elijah McCoy (Colchester 1843- Detroit 1929) va ser un enginyer que va n\u00e9ixer al Canad\u00e0 perqu\u00e8 els seus pares havien fugit de l&#8217;esclavatge a Kentucky. Va inventar un sistema de lubricaci\u00f3 autom\u00e0tica que permetia no apagar les m\u00e0quines per posar oli manualment. Va realitzar m\u00e9s de 50 patents al seu nom, inclusivament un ruixador de gespa. El dispositiu de greixatge per a les m\u00e0quines de vapor va ajudar a la revoluci\u00f3 industrial del Segle XX.   <\/p>\n","protected":false},"excerpt":{"rendered":"<p>Elijah McCoy (Colchester 1843- Detroit 1929) va ser un enginyer que va n\u00e9ixer al Canad\u00e0 perqu\u00e8 els seus pares havien fugit de l&#8217;esclavatge a Kentucky. Va inventar un sistema de lubricaci\u00f3 autom\u00e0tica que permetia no apagar les m\u00e0quines per posar oli manualment. Va realitzar m\u00e9s de 50 patents al seu nom, inclusivament un ruixador de [&hellip;]<\/p>\n","protected":false},"featured_media":23242,"template":"","meta":{"_acf_changed":false},"product_brand":[],"product_cat":[339,336],"product_tag":[341],"class_list":{"0":"post-29101","1":"product","2":"type-product","3":"status-publish","4":"has-post-thumbnail","6":"product_cat-tested-on-faces-ca","7":"product_cat-tested-on-faces-home","8":"product_tag-vista-ca-2","9":"pa_tonalidad-de-color-01-ca","10":"pa_tonalidad-de-color-40-ca","11":"pa_tonalidad-de-color-59r-ca","12":"pa_tonalidad-de-color-60r-ca","14":"first","15":"instock","16":"purchasable","17":"product-type-variable"},"acf":[],"_links":{"self":[{"href":"https:\/\/suittoeyewear.com\/ca\/wp-json\/wp\/v2\/product\/29101","targetHints":{"allow":["GET"]}}],"collection":[{"href":"https:\/\/suittoeyewear.com\/ca\/wp-json\/wp\/v2\/product"}],"about":[{"href":"https:\/\/suittoeyewear.com\/ca\/wp-json\/wp\/v2\/types\/product"}],"wp:featuredmedia":[{"embeddable":true,"href":"https:\/\/suittoeyewear.com\/ca\/wp-json\/wp\/v2\/media\/23242"}],"wp:attachment":[{"href":"https:\/\/suittoeyewear.com\/ca\/wp-json\/wp\/v2\/media?parent=29101"}],"wp:term":[{"taxonomy":"product_brand","embeddable":true,"href":"https:\/\/suittoeyewear.com\/ca\/wp-json\/wp\/v2\/product_brand?post=29101"},{"taxonomy":"product_cat","embeddable":true,"href":"https:\/\/suittoeyewear.com\/ca\/wp-json\/wp\/v2\/product_cat?post=29101"},{"taxonomy":"product_tag","embeddable":true,"href":"https:\/\/suittoeyewear.com\/ca\/wp-json\/wp\/v2\/product_tag?post=29101"}],"curies":[{"name":"wp","href":"https:\/\/api.w.org\/{rel}","templated":true}]}}