{"id":29177,"date":"2025-05-11T01:31:19","date_gmt":"2025-05-10T23:31:19","guid":{"rendered":"https:\/\/suittoeyewear.com\/modelo\/wes\/"},"modified":"2025-05-25T09:43:24","modified_gmt":"2025-05-25T07:43:24","slug":"wes","status":"publish","type":"product","link":"https:\/\/suittoeyewear.com\/ca\/model\/wes\/","title":{"rendered":"WES"},"content":{"rendered":"<p>Johanna Westerdijk (Amstelveen, 1883 \u2013 Baarn, 1961) Fitopat\u00f2loga i professora universit\u00e0ria. En la seva inf\u00e0ncia, es va negar a fer les tasques de brodat que s\u00ed que feien les seves companyes d&#8217;escola. Li va dir a la seva professora que s&#8217;encarregaria de guanyar diners de gran per poder contractar alg\u00fa que les fes per ella. Als 17 anys es va matricular a la Universitat d&#8217;Amsterdam per acudir a les classes d&#8217;Hugo de Vries, fam\u00f3s bot\u00e0nic de l&#8217;\u00e8poca, que es va negar a impartir-li lli\u00e7ons pr\u00e0ctiques per ser una dona. Va investigar sobre molses, fongs tropicals i va descobrir com lluitar contra la malaltia neerlandesa dels Olmos. Va ser la primera dona professora universit\u00e0ria als Pa\u00efsos Baixos, com a professora de patologia vegetal a la Universitat d&#8217;Utrecht i m\u00e9s tard a la d&#8217;Amsterdam, publicant m\u00e9s de setanta articles amb les seves investigacions. M\u00e9s de la meitat dels seus estudiants van ser dones, sent una defensora activa dels drets de les dones universit\u00e0ries.     <\/p>\n","protected":false},"excerpt":{"rendered":"<p>Johanna Westerdijk (Amstelveen, 1883 \u2013 Baarn, 1961) Fitopat\u00f2loga i professora universit\u00e0ria. En la seva inf\u00e0ncia, es va negar a fer les tasques de brodat que s\u00ed que feien les seves companyes d&#8217;escola. Li va dir a la seva professora que s&#8217;encarregaria de guanyar diners de gran per poder contractar alg\u00fa que les fes per ella. [&hellip;]<\/p>\n","protected":false},"featured_media":24162,"template":"","meta":{"_acf_changed":false},"product_brand":[],"product_cat":[339,338],"product_tag":[341],"class_list":{"0":"post-29177","1":"product","2":"type-product","3":"status-publish","4":"has-post-thumbnail","6":"product_cat-tested-on-faces-ca","7":"product_cat-tested-on-faces-dona","8":"product_tag-vista-ca-2","9":"pa_tonalidad-de-color-64r-ca","10":"pa_tonalidad-de-color-65r-ca","11":"pa_tonalidad-de-color-01-ca","12":"pa_tonalidad-de-color-23-ca","14":"first","15":"instock","16":"purchasable","17":"product-type-variable"},"acf":[],"_links":{"self":[{"href":"https:\/\/suittoeyewear.com\/ca\/wp-json\/wp\/v2\/product\/29177","targetHints":{"allow":["GET"]}}],"collection":[{"href":"https:\/\/suittoeyewear.com\/ca\/wp-json\/wp\/v2\/product"}],"about":[{"href":"https:\/\/suittoeyewear.com\/ca\/wp-json\/wp\/v2\/types\/product"}],"wp:featuredmedia":[{"embeddable":true,"href":"https:\/\/suittoeyewear.com\/ca\/wp-json\/wp\/v2\/media\/24162"}],"wp:attachment":[{"href":"https:\/\/suittoeyewear.com\/ca\/wp-json\/wp\/v2\/media?parent=29177"}],"wp:term":[{"taxonomy":"product_brand","embeddable":true,"href":"https:\/\/suittoeyewear.com\/ca\/wp-json\/wp\/v2\/product_brand?post=29177"},{"taxonomy":"product_cat","embeddable":true,"href":"https:\/\/suittoeyewear.com\/ca\/wp-json\/wp\/v2\/product_cat?post=29177"},{"taxonomy":"product_tag","embeddable":true,"href":"https:\/\/suittoeyewear.com\/ca\/wp-json\/wp\/v2\/product_tag?post=29177"}],"curies":[{"name":"wp","href":"https:\/\/api.w.org\/{rel}","templated":true}]}}