{"id":29178,"date":"2025-05-11T01:31:50","date_gmt":"2025-05-10T23:31:50","guid":{"rendered":"https:\/\/suittoeyewear.com\/modelo\/illa\/"},"modified":"2025-05-25T09:43:01","modified_gmt":"2025-05-25T07:43:01","slug":"yla","status":"publish","type":"product","link":"https:\/\/suittoeyewear.com\/ca\/model\/yla\/","title":{"rendered":"YLA"},"content":{"rendered":"<p>Mar\u00eda Orosa i Ylagan (Taal, 1893 \u2013 Manila 1945) m\u00e8dica i investigadora farmac\u00e8utica filipina. Va treballar a la botiga de menjar dels seus pares i va ser una bona estudiant. Va viatjar de poliss\u00f3 en un vaixell als Estats Units on va treballar de serventa dom\u00e8stica i finalment va poder estudiar farm\u00e0cia a la Universitat de Washington. Va tornar a les Filipines on va desenvolupar alternatives per a la conservaci\u00f3 d&#8217;aliments. Va crear una olla d&#8217;argila especial per a la cocci\u00f3 d&#8217;aliments per als llocs pobres del pa\u00eds on no hi havia electricitat. A la segona guerra mundial va ser capitana i creo suplements alimentaris. La Creu Roja va homenatjar la seva figura amb un premi p\u00f2stum als seus esfor\u00e7os per fabricar suplements diet\u00e8tics.<\/p>\n","protected":false},"excerpt":{"rendered":"<p>Mar\u00eda Orosa i Ylagan (Taal, 1893 \u2013 Manila 1945) m\u00e8dica i investigadora farmac\u00e8utica filipina. Va treballar a la botiga de menjar dels seus pares i va ser una bona estudiant. Va viatjar de poliss\u00f3 en un vaixell als Estats Units on va treballar de serventa dom\u00e8stica i finalment va poder estudiar farm\u00e0cia a la Universitat [&hellip;]<\/p>\n","protected":false},"featured_media":24202,"template":"","meta":{"_acf_changed":false},"product_brand":[],"product_cat":[339,338],"product_tag":[341],"class_list":{"0":"post-29178","1":"product","2":"type-product","3":"status-publish","4":"has-post-thumbnail","6":"product_cat-tested-on-faces-ca","7":"product_cat-tested-on-faces-dona","8":"product_tag-vista-ca-2","9":"pa_tonalidad-de-color-37-ca","10":"pa_tonalidad-de-color-40-ca","11":"pa_tonalidad-de-color-45-ca","12":"pa_tonalidad-de-color-01-ca","14":"first","15":"instock","16":"purchasable","17":"product-type-variable"},"acf":[],"_links":{"self":[{"href":"https:\/\/suittoeyewear.com\/ca\/wp-json\/wp\/v2\/product\/29178","targetHints":{"allow":["GET"]}}],"collection":[{"href":"https:\/\/suittoeyewear.com\/ca\/wp-json\/wp\/v2\/product"}],"about":[{"href":"https:\/\/suittoeyewear.com\/ca\/wp-json\/wp\/v2\/types\/product"}],"wp:featuredmedia":[{"embeddable":true,"href":"https:\/\/suittoeyewear.com\/ca\/wp-json\/wp\/v2\/media\/24202"}],"wp:attachment":[{"href":"https:\/\/suittoeyewear.com\/ca\/wp-json\/wp\/v2\/media?parent=29178"}],"wp:term":[{"taxonomy":"product_brand","embeddable":true,"href":"https:\/\/suittoeyewear.com\/ca\/wp-json\/wp\/v2\/product_brand?post=29178"},{"taxonomy":"product_cat","embeddable":true,"href":"https:\/\/suittoeyewear.com\/ca\/wp-json\/wp\/v2\/product_cat?post=29178"},{"taxonomy":"product_tag","embeddable":true,"href":"https:\/\/suittoeyewear.com\/ca\/wp-json\/wp\/v2\/product_tag?post=29178"}],"curies":[{"name":"wp","href":"https:\/\/api.w.org\/{rel}","templated":true}]}}