{"id":29199,"date":"2025-05-11T01:29:39","date_gmt":"2025-05-10T23:29:39","guid":{"rendered":"https:\/\/suittoeyewear.com\/modelo\/vlaai\/"},"modified":"2025-05-25T09:43:23","modified_gmt":"2025-05-25T07:43:23","slug":"vlaai","status":"publish","type":"product","link":"https:\/\/suittoeyewear.com\/ca\/model\/vlaai\/","title":{"rendered":"VLAAI"},"content":{"rendered":"<p>El Vlaai, originari del sud dels Pa\u00efsos Baixos, \u00e9s un past\u00eds de massa dol\u00e7a farcit de fruites fresques. La diversitat de versions, adaptada a cada regi\u00f3, es reflecteix en un disseny lliure, amb una estructura oberta que permet que l&#8217;interior respiri. Aquest past\u00eds transmet l&#8217;esperit de la variabilitat i la llibertat com a disseny que s&#8217;adapta a cada moment.  <\/p>\n","protected":false},"excerpt":{"rendered":"<p>El Vlaai, originari del sud dels Pa\u00efsos Baixos, \u00e9s un past\u00eds de massa dol\u00e7a farcit de fruites fresques. La diversitat de versions, adaptada a cada regi\u00f3, es reflecteix en un disseny lliure, amb una estructura oberta que permet que l&#8217;interior respiri. Aquest past\u00eds transmet l&#8217;esperit de la variabilitat i la llibertat com a disseny que [&hellip;]<\/p>\n","protected":false},"featured_media":22514,"template":"","meta":{"_acf_changed":false},"product_brand":[],"product_cat":[388,389],"product_tag":[341],"class_list":{"0":"post-29199","1":"product","2":"type-product","3":"status-publish","4":"has-post-thumbnail","6":"product_cat-sybarite-ca","7":"product_cat-sybarite-dona","8":"product_tag-vista-ca-2","9":"pa_tonalidad-de-color-01-ca","10":"pa_tonalidad-de-color-23-ca","11":"pa_tonalidad-de-color-84-ca","12":"pa_tonalidad-de-color-96-ca","14":"first","15":"instock","16":"purchasable","17":"product-type-variable"},"acf":[],"_links":{"self":[{"href":"https:\/\/suittoeyewear.com\/ca\/wp-json\/wp\/v2\/product\/29199","targetHints":{"allow":["GET"]}}],"collection":[{"href":"https:\/\/suittoeyewear.com\/ca\/wp-json\/wp\/v2\/product"}],"about":[{"href":"https:\/\/suittoeyewear.com\/ca\/wp-json\/wp\/v2\/types\/product"}],"wp:featuredmedia":[{"embeddable":true,"href":"https:\/\/suittoeyewear.com\/ca\/wp-json\/wp\/v2\/media\/22514"}],"wp:attachment":[{"href":"https:\/\/suittoeyewear.com\/ca\/wp-json\/wp\/v2\/media?parent=29199"}],"wp:term":[{"taxonomy":"product_brand","embeddable":true,"href":"https:\/\/suittoeyewear.com\/ca\/wp-json\/wp\/v2\/product_brand?post=29199"},{"taxonomy":"product_cat","embeddable":true,"href":"https:\/\/suittoeyewear.com\/ca\/wp-json\/wp\/v2\/product_cat?post=29199"},{"taxonomy":"product_tag","embeddable":true,"href":"https:\/\/suittoeyewear.com\/ca\/wp-json\/wp\/v2\/product_tag?post=29199"}],"curies":[{"name":"wp","href":"https:\/\/api.w.org\/{rel}","templated":true}]}}