{"id":29240,"date":"2025-05-11T01:28:10","date_gmt":"2025-05-10T23:28:10","guid":{"rendered":"https:\/\/suittoeyewear.com\/modelo\/van\/"},"modified":"2025-05-25T09:43:49","modified_gmt":"2025-05-25T07:43:49","slug":"van","status":"publish","type":"product","link":"https:\/\/suittoeyewear.com\/ca\/model\/van\/","title":{"rendered":"VAN"},"content":{"rendered":"<p>Lucilio Vanini (Taurisano, 1585 \u2013 Tolouse,1619)<\/p>\n<p>fil\u00f2sf itali\u00e0, va defensar que l&#8217;univers es regeix per lleis naturals i que els \u00e9ssers humans van evolucionar dels micos. Va ser un dels molts antecessors a Darwin en afirmar que uns animals podien transformar-se en altres. Se&#8217;l va condemnar per blasf\u00e8mia, se li va tallar la llengua, se&#8217;l va escanyar i finalment va ser cremat.  <\/p>\n","protected":false},"excerpt":{"rendered":"<p>Lucilio Vanini (Taurisano, 1585 \u2013 Tolouse,1619) fil\u00f2sf itali\u00e0, va defensar que l&#8217;univers es regeix per lleis naturals i que els \u00e9ssers humans van evolucionar dels micos. Va ser un dels molts antecessors a Darwin en afirmar que uns animals podien transformar-se en altres. Se&#8217;l va condemnar per blasf\u00e8mia, se li va tallar la llengua, se&#8217;l [&hellip;]<\/p>\n","protected":false},"featured_media":24098,"template":"","meta":{"_acf_changed":false},"product_brand":[],"product_cat":[339,336],"product_tag":[341],"class_list":{"0":"post-29240","1":"product","2":"type-product","3":"status-publish","4":"has-post-thumbnail","6":"product_cat-tested-on-faces-ca","7":"product_cat-tested-on-faces-home","8":"product_tag-vista-ca-2","9":"pa_tonalidad-de-color-0301-ca","10":"pa_tonalidad-de-color-1019-ca","11":"pa_tonalidad-de-color-89-ca","12":"pa_tonalidad-de-color-01-ca","14":"first","15":"instock","16":"purchasable","17":"product-type-variable"},"acf":[],"_links":{"self":[{"href":"https:\/\/suittoeyewear.com\/ca\/wp-json\/wp\/v2\/product\/29240","targetHints":{"allow":["GET"]}}],"collection":[{"href":"https:\/\/suittoeyewear.com\/ca\/wp-json\/wp\/v2\/product"}],"about":[{"href":"https:\/\/suittoeyewear.com\/ca\/wp-json\/wp\/v2\/types\/product"}],"wp:featuredmedia":[{"embeddable":true,"href":"https:\/\/suittoeyewear.com\/ca\/wp-json\/wp\/v2\/media\/24098"}],"wp:attachment":[{"href":"https:\/\/suittoeyewear.com\/ca\/wp-json\/wp\/v2\/media?parent=29240"}],"wp:term":[{"taxonomy":"product_brand","embeddable":true,"href":"https:\/\/suittoeyewear.com\/ca\/wp-json\/wp\/v2\/product_brand?post=29240"},{"taxonomy":"product_cat","embeddable":true,"href":"https:\/\/suittoeyewear.com\/ca\/wp-json\/wp\/v2\/product_cat?post=29240"},{"taxonomy":"product_tag","embeddable":true,"href":"https:\/\/suittoeyewear.com\/ca\/wp-json\/wp\/v2\/product_tag?post=29240"}],"curies":[{"name":"wp","href":"https:\/\/api.w.org\/{rel}","templated":true}]}}